{"id":8864,"date":"2024-05-07T11:36:59","date_gmt":"2024-05-07T09:36:59","guid":{"rendered":"https:\/\/beneficialvalues.com\/?page_id=8864"},"modified":"2024-12-28T10:19:19","modified_gmt":"2024-12-28T09:19:19","slug":"simulacion-de-negocios-de-trabajo-en-equipo","status":"publish","type":"page","link":"https:\/\/traininggames.com\/es\/simulacion-de-negocios-de-trabajo-en-equipo\/","title":{"rendered":"Simulaci\u00f3n de negocios de trabajo en equipo"},"content":{"rendered":"<h1 style=\"text-align: center; color: var(--tcb-color-0) !important; --tcb-applied-color: var$(--tcb-color-0) !important;\"><strong><span style=\"--tcb-applied-color: var$(--tcb-color-0) !important;\">Team Business Simulation<\/span><\/strong><\/h1>\n<h2 style=\"text-align: center;\"><span>\u00a1Cuando la distancia no nos separa! <\/span><\/h2>\n<p style=\"text-align: center;\"><strong>Creamos cohesi\u00f3n para potenciar la colaboraci\u00f3n y la coordinaci\u00f3n, evitando el desgaste de la falta de comunicaci\u00f3n y mejorando la eficiencia y el rendimiento del equipo.<\/strong><\/p>\n<p style=\"text-align: center;\"><strong>La simulaci\u00f3n de negocios de trabajo en equipo<\/strong> se fundamenta en las emociones con dos objetivos cr\u00edticos:sentirse parte de tu equipo (team building) y saber trabajar con \u00e9l (team working).<\/p>\n<h2 style=\"text-align: center;\"><strong>\u00a1Mantente involucrado y s\u00e9<\/strong><strong>&nbsp;eficaz!<\/strong><\/h2>\n<h2 style=\"text-align: center;\"><span>Objetivos<\/span><\/h2>\n<p style=\"text-align: center;\"><span style=\"font-family: Raleway; font-weight: 400;\">Ayudamos a los equipos remotos a mantenerse comprometidos, unidos y productivos.<\/span><\/p>\n<h2 style=\"text-align: center;\"><strong>Interacci\u00f3n<\/strong><\/h2>\n<p style=\"text-align: center; color: var(--tcb-color-2)  !important; --tcb-applied-color:var$(--tcb-color-2)  !important;\">Es una din\u00e1mica adictiva para grupos diversos o dispersos, con posibilidad de comunicarse en hasta 100 idiomas diferentes.<\/p>\n<h2 style=\"text-align: center;\"><strong>Emoci\u00f3n<\/strong><\/h2>\n<p style=\"text-align: center; color: var(--tcb-color-2)  !important; --tcb-applied-color:var$(--tcb-color-2)  !important;\">Es una competici\u00f3n por equipos, donde el an\u00e1lisis conjunto y la inmediatez de resultados crean v\u00ednculos emocionales.<\/p>\n<h2><strong>Motivaci\u00f3n<\/strong><\/h2>\n<p style=\"text-align: center;\">Es una experiencia intensa donde el proyecto se comparte, creando una cultura com\u00fan positiva, estimulante y motivadora.<\/p>\n<p><span style=\"\"><img decoding=\"async\" alt=\"team business simulation\" data-id=\"6321\" data-init-width=\"500\" data-init-height=\"500\" title=\"team business simulation\" src=\"https:\/\/traininggames.com\/wp-content\/uploads\/2024\/04\/home-cohesion.webp?x34438&amp;x61287&amp;x91779&amp;x54025&amp;x54025&amp;x60954&amp;x60954&amp;x26706&amp;x56215&amp;x22230&amp;x22230&amp;x22230&amp;x22230&amp;x22230&amp;x62198\" data-src=\"https:\/\/traininggames.com\/wp-content\/uploads\/2024\/04\/home-cohesion.webp?x34438&amp;x61287&amp;x91779&amp;x54025&amp;x54025&amp;x60954&amp;x60954&amp;x26706&amp;x56215&amp;x22230&amp;x22230&amp;x22230&amp;x22230&amp;x22230&amp;x62198\" data-width=\"444\" style=\"aspect-ratio: auto 500 \/ 500;\" mt-d=\"-57\" center-v-d=\"false\" mt-t=\"-65\" mt-m=\"-5.508199999999999\" loading=\"lazy\" data-height=\"444\" width=\"444\" height=\"444\"><span style=\"\"><\/span><\/span><\/p>\n<h2 style=\"text-align: center;\"><strong>COHESI\u00d3N<\/strong><\/h2>\n<p style=\"text-align: center; color: var(--tcb-color-2)  !important; --tcb-applied-color:var$(--tcb-color-2)  !important;\">Los participantes comparten una experiencia intensa con la idea fundamental de que la relaci\u00f3n genera confianza y la confianza mejora la relaci\u00f3n.De esta forma se consigue la cohesi\u00f3n interna (emocional) y la creaci\u00f3n de un sentimiento de pertenencia (equipo).<\/p>\n<p><span style=\"\"><img decoding=\"async\" alt=\"\" data-id=\"6322\" data-init-width=\"500\" data-init-height=\"500\" title=\"home-culture\" src=\"https:\/\/traininggames.com\/wp-content\/uploads\/2024\/04\/home-culture.webp?x34438&amp;x61287&amp;x91779&amp;x54025&amp;x54025&amp;x60954&amp;x60954&amp;x26706&amp;x56215&amp;x22230&amp;x22230&amp;x22230&amp;x22230&amp;x22230&amp;x62198\" data-src=\"https:\/\/traininggames.com\/wp-content\/uploads\/2024\/04\/home-culture.webp?x34438&amp;x61287&amp;x91779&amp;x54025&amp;x54025&amp;x60954&amp;x60954&amp;x26706&amp;x56215&amp;x22230&amp;x22230&amp;x22230&amp;x22230&amp;x22230&amp;x62198\" data-width=\"444\" style=\"aspect-ratio: auto 500 \/ 500;\" mt-d=\"-63\" center-v-d=\"false\" mt-t=\"-65\" mt-m=\"-5.508199999999999\" loading=\"lazy\" data-height=\"444\" width=\"444\" height=\"444\"><span style=\"\"><\/span><\/span><\/p>\n<h2 style=\"text-align: center;\"><strong>CULTURA<\/strong><\/h2>\n<p style=\"text-align: center; color: var(--tcb-color-2)  !important; --tcb-applied-color:var$(--tcb-color-2)  !important;\">Comparte el prop\u00f3sito y los valores para crear una cultura corporativa, sin importar cu\u00e1n distantes o diferentes seamos.Las emociones son esenciales para nuestra vida diaria. Nos ayudan a concentrarnos en lo que es importante, influyen en nuestros comportamientos y nos motivan a actuar.<\/p>\n<h2 style=\"text-align: center;\">\u00bfHablamos de la simulaci\u00f3n de negocios de trabajo en equipo?<\/h2>\n<h2 style=\"text-align: left;\"><strong>Sentimiento de pertenencia<\/strong><\/h2>\n<p style=\"\"><strong>Con\u00e9ctate con tu equipo, comprende a los dem\u00e1s y valora sus aportaciones.<\/strong><\/p>\n<p style=\"text-align: left;\"><span style=\"font-family: Raleway; font-weight: 400;\">Creemos que el equipo est\u00e1 en el centro de las interacciones creativas. Hoy en d\u00eda, ideas diversas y opiniones diferentes deben unirse para cocrear soluciones, superar la incertidumbre y adaptarse constantemente al cambio.<\/span><\/p>\n<h2 style=\"\"><strong>PARTICIPANDO, CONTRIBUYENDO Y CELEBRANDO.<\/strong><\/h2>\n<h2 style=\"text-align: center;\"><strong><span>Basado en el modelo de desarrollo de confianza.<\/span><\/strong><\/h2>\n<h2 style=\"text-align: center;\"><span style=\"\">Aprendizajes<\/span><\/h2>\n<p style=\"text-align: center;\"><span style=\"font-family: Raleway; font-weight: 400;\">La confianza lo es todo en las relaciones.<\/span><\/p>\n<h2 style=\"text-align: center; color: rgb(75, 187, 231) !important; --tcb-applied-color:rgb(75, 187, 231)  !important;\"><strong>Incertidumbre<\/strong><\/h2>\n<p style=\"text-align: center; color: var(--tcb-color-2)  !important; --tcb-applied-color:var$(--tcb-color-2)  !important;\">Gestionar la incertidumbre implica adaptarse al cambio, tomar la <strong>iniciativa <\/strong>y aportar soluciones diferentes para introducir novedades o descubrir <strong>oportunidades<\/strong>.<\/p>\n<h2 style=\"text-align: center; color: rgb(75, 187, 231) !important; --tcb-applied-color:rgb(75, 187, 231)  !important;\"><strong>Iniciativas<\/strong><\/h2>\n<p style=\"text-align: center; color: var(--tcb-color-2)  !important; --tcb-applied-color:var$(--tcb-color-2)  !important;\">Para ser efectivas, las iniciativas deben ser <strong>colectivas<\/strong>, lo que implica capacidad para relacionarse, buscando siempre una comunicaci\u00f3n efectiva y favoreciendo equipos de trabajo <strong>colaborativos <\/strong>m\u00e1s eficientes.<\/p>\n<h2 style=\"text-align: center;\"><strong>Oportunidades<\/strong><\/h2>\n<p style=\"text-align: center;\">Las oportunidades reales se basan en diferentes perspectivas, integrando la <strong>diversidad<\/strong>, armonizando los recursos disponibles y priorizando la construcci\u00f3n de <strong>sinergias <\/strong>para ser m\u00e1s eficientes.<\/p>\n<p><span style=\"\"><img decoding=\"async\" alt=\"\" data-id=\"6325\" data-init-width=\"400\" data-init-height=\"283\" title=\"home-model\" src=\"https:\/\/traininggames.com\/wp-content\/uploads\/2024\/04\/home-model.webp?x34438&amp;x61287&amp;x91779&amp;x54025&amp;x54025&amp;x60954&amp;x60954&amp;x26706&amp;x56215&amp;x22230&amp;x22230&amp;x22230&amp;x22230&amp;x22230&amp;x62198\" data-src=\"https:\/\/traininggames.com\/wp-content\/uploads\/2024\/04\/home-model.webp?x34438&amp;x61287&amp;x91779&amp;x54025&amp;x54025&amp;x60954&amp;x60954&amp;x26706&amp;x56215&amp;x22230&amp;x22230&amp;x22230&amp;x22230&amp;x22230&amp;x62198\" data-width=\"444\" style=\"aspect-ratio: auto 400 \/ 283;\" mt-d=\"0\" center-v-d=\"false\" mt-t=\"-65\" mt-m=\"-5.508199999999999\" loading=\"lazy\" data-height=\"314\" width=\"444\" height=\"314\"><span style=\"\"><\/span><\/span><\/p>\n<h2 style=\"text-align: center;\"><strong>MODELO DE CONFIANZA<\/strong><\/h2>\n<p style=\"text-align: center;\"><span style=\"\">Basado en diez a\u00f1os de investigaci\u00f3n, el modelo Cooplexity (cooperaci\u00f3n en la complejidad) ofrece un m\u00e9todo s\u00f3lido, paso a paso, para desarrollar la confianza. Los ciclos de juego de la simulaci\u00f3n brindan el contexto para practicar estos seis pasos.<\/span><\/p>\n<p style=\"text-align: center;\"><a href=\"https:\/\/ricardozamora.com\/es\/poster-del-modelo-de-desarrollo-de-confianza\/\" target=\"_blank\" style=\"outline: none;\"><strong><span style=\"--tcb-applied-color: rgb(77, 185, 231)   !important; color: rgb(77, 185, 231) !important;\">Descargar<\/span><\/strong><\/a><\/p>\n<p><span style=\"\"><img decoding=\"async\" alt=\"\" data-id=\"6326\" data-init-width=\"400\" data-init-height=\"283\" title=\"home-twi\" src=\"https:\/\/traininggames.com\/wp-content\/uploads\/2024\/04\/home-twi.webp?x34438&amp;x61287&amp;x91779&amp;x54025&amp;x54025&amp;x60954&amp;x60954&amp;x26706&amp;x56215&amp;x22230&amp;x22230&amp;x22230&amp;x22230&amp;x22230&amp;x62198\" data-src=\"https:\/\/traininggames.com\/wp-content\/uploads\/2024\/04\/home-twi.webp?x34438&amp;x61287&amp;x91779&amp;x54025&amp;x54025&amp;x60954&amp;x60954&amp;x26706&amp;x56215&amp;x22230&amp;x22230&amp;x22230&amp;x22230&amp;x22230&amp;x62198\" data-width=\"444\" style=\"aspect-ratio: auto 400 \/ 283;\" mt-d=\"0\" center-v-d=\"false\" mt-t=\"-65\" mt-m=\"-5.508199999999999\" loading=\"lazy\" data-height=\"314\" width=\"444\" height=\"314\"><span style=\"\"><\/span><\/span><\/p>\n<h2 style=\"text-align: center;\"><strong>INDICADORES CLAVE DE COMPORTAMIENTO<\/strong><\/h2>\n<p style=\"text-align: center;\">A lo largo de la simulaci\u00f3n, analizamos las decisiones de los participantes, c\u00f3mo las toman y cu\u00e1ndo las toman. Las diferentes mediciones proporcionan un perfil del equipo del jugador, directamente relacionado con su resultado.<\/p>\n<p style=\"text-align: center;\"><a href=\"https:\/\/ricardozamora.com\/es\/poster-de-teamwork-intelligence\/\" target=\"_blank\" style=\"outline: none;\"><strong><span style=\"--tcb-applied-color: rgb(77, 185, 231)   !important; color: rgb(77, 185, 231) !important;\">Descargar<\/span><\/strong><\/a><\/p>\n<h2 style=\"text-align: center; color: var(--tcb-color-4) !important; --tcb-applied-color: var$(--tcb-color-4) !important;\">\u00bfTe explicamos la simulaci\u00f3n de negocios de trabajo en equipo?<\/h2>\n<h2 style=\"text-align: left;\"><strong>Ciclos de aprendizaje<\/strong><\/h2>\n<p style=\"\"><strong>Disc\u00fatelo con tu equipo, define una estrategia y toma decisiones.<\/strong><\/p>\n<p style=\"text-align: left;\"><span style=\"font-family: Raleway; font-weight: 400;\">La simulaci\u00f3n presenta seis contextos de trabajo donde los participantes deben resolver diversos desaf\u00edos.Cada contexto est\u00e1 asociado con un \u00e1rea cr\u00edtica de aprendizaje y requiere la aplicaci\u00f3n de una competencia interrelacional.<\/span><\/p>\n<h2 style=\"\"><strong>EXPERIMENTAR, APRENDER Y CRECER.<\/strong><\/h2>\n<h2 style=\"text-align: center;\"><strong>Centrado en la interacci\u00f3n y las relaciones.<\/strong><\/h2>\n<h2 style=\"text-align: center;\"><span><span style=\"--tcb-applied-color: rgb(255, 255, 255)  !important; color: rgb(255, 255, 255);\">Din\u00e1mica<\/span><\/span><\/h2>\n<p style=\"text-align: center;\"><span style=\"font-family: Raleway; font-weight: 400; --tcb-applied-color:var$(--tcb-color-7)  !important;\">Un tutor asegura la participaci\u00f3n, comprensi\u00f3n y motivaci\u00f3n con un enfoque humano.<\/span><\/p>\n<h2 style=\"text-align: center;\"><strong>Anonimato<\/strong><\/h2>\n<p style=\"text-align: center;\">Comenzamos la simulaci\u00f3n asignando un avatar y un nombre ficticios. Esto resulta motivador y reduce la percepci\u00f3n de riesgo. Cuando se descubre el avatar, se produce el momento \u00abWow\u00bb, lo que intensifica la conexi\u00f3n emocional.<\/p>\n<h2 style=\"text-align: center;\"><strong>Chat<\/strong><\/h2>\n<p style=\"text-align: center;\">Un chat integrado en la plataforma facilita la comunicaci\u00f3n manteniendo el anonimato. El sistema te mantiene actualizado con conversaciones as\u00edncronas cuando no puedes asistir a las discusiones del equipo.<\/p>\n<h2 style=\"text-align: center;\"><strong>Rankings<\/strong><\/h2>\n<p style=\"text-align: center;\">Los resultados dependen de las decisiones. Las interacciones son cruciales para compartir el an\u00e1lisis y encontrar oportunidades. Nada es definitivo en el ranking. Las expectativas y el entusiasmo se mantienen hasta el \u00faltimo minuto.<\/p>\n<p><span style=\"\"><img decoding=\"async\" alt=\"business simulation team building\" data-id=\"6323\" data-init-width=\"500\" data-init-height=\"500\" title=\"business simulation team building\" src=\"https:\/\/traininggames.com\/wp-content\/uploads\/2024\/04\/home-candy.webp?x34438&amp;x61287&amp;x91779&amp;x54025&amp;x54025&amp;x60954&amp;x60954&amp;x26706&amp;x56215&amp;x22230&amp;x22230&amp;x22230&amp;x22230&amp;x22230&amp;x62198\" data-src=\"https:\/\/traininggames.com\/wp-content\/uploads\/2024\/04\/home-candy.webp?x34438&amp;x61287&amp;x91779&amp;x54025&amp;x54025&amp;x60954&amp;x60954&amp;x26706&amp;x56215&amp;x22230&amp;x22230&amp;x22230&amp;x22230&amp;x22230&amp;x62198\" data-width=\"444\" style=\"aspect-ratio: auto 500 \/ 500;\" mt-d=\"0\" center-v-d=\"false\" mt-t=\"-65\" mt-m=\"-5.508199999999999\" loading=\"lazy\" ml-d=\"0\" ml-m=\"-76\" center-h-m=\"false\" data-height=\"444\" width=\"444\" height=\"444\"><span style=\"\"><\/span><\/span><\/p>\n<h2 style=\"text-align: center;\"><strong>RELATO<\/strong><\/h2>\n<p style=\"text-align: center;\"><span style=\"--tcb-applied-color: var$(--tcb-color-7)  !important; color: var(--tcb-color-7);\">La simulaci\u00f3n es un juego de competici\u00f3n donde ser\u00e1s miembro del equipo directivo de Bubble Bubble Gubble Inc., una empresa multinacional de confiter\u00eda.Debes coordinarte con otros miembros del equipo para liderar el mercado, compartir objetivos y valores, negociar y coordinar, y ser colaborativo.<\/span><\/p>\n<p><span style=\"\"><img decoding=\"async\" alt=\"online training games\" data-id=\"6324\" data-init-width=\"500\" data-init-height=\"500\" title=\"online training games\" src=\"https:\/\/traininggames.com\/wp-content\/uploads\/2024\/04\/home-platform.webp?x34438&amp;x61287&amp;x91779&amp;x54025&amp;x54025&amp;x60954&amp;x60954&amp;x26706&amp;x56215&amp;x22230&amp;x22230&amp;x22230&amp;x22230&amp;x22230&amp;x62198\" data-src=\"https:\/\/traininggames.com\/wp-content\/uploads\/2024\/04\/home-platform.webp?x34438&amp;x61287&amp;x91779&amp;x54025&amp;x54025&amp;x60954&amp;x60954&amp;x26706&amp;x56215&amp;x22230&amp;x22230&amp;x22230&amp;x22230&amp;x22230&amp;x62198\" data-width=\"444\" style=\"aspect-ratio: auto 500 \/ 500;\" mt-d=\"-11\" center-v-d=\"false\" mt-t=\"-65\" mt-m=\"-5.508199999999999\" loading=\"lazy\" data-height=\"444\" width=\"444\" height=\"444\"><span style=\"\"><\/span><\/span><\/p>\n<h2 style=\"text-align: center;\"><strong>PLATAFORMA<\/strong><\/h2>\n<p style=\"text-align: center;\">Hemos dise\u00f1ado una plataforma para estimular las interacciones personales y el aprendizaje experiencial y desarrollar habilidades interpersonales para relacionarnos positivamente.V\u00eddeos cortos, mensajes breves, ideas claras, est\u00e9tica minimalista. Todo el dise\u00f1o se centra en la simplicidad para vivir la experiencia y aprender.<\/p>\n<h2 style=\"text-align: center;\">\u00bfDamos una oportunidad a la simulaci\u00f3n de negocios de trabajo en equipo?<\/h2>\n<h2 style=\"text-align: left;\"><strong>Algo para recordar<\/strong><\/h2>\n<p style=\"\"><strong>Si me lo explicas lo entender\u00e9.Si lo vivo, lo creer\u00e9.<\/strong><\/p>\n<p style=\"text-align: left;\"><span style=\"font-family: Raleway; font-weight: 400;\">Una simulaci\u00f3n nos permite comprender conceptos complejos, practicar sin riesgos, ampliar nuestros modelos mentales y fundamentalmente fijarlos a trav\u00e9s de la emoci\u00f3n.<\/span><\/p>\n<h2 style=\"\"><strong>SENTIR, MOTIVARSE Y COMPROMETERSE.<\/strong><\/h2>\n","protected":false},"excerpt":{"rendered":"<p>Team Business Simulation \u00a1Cuando la distancia no nos separa! Creamos cohesi\u00f3n para potenciar la colaboraci\u00f3n y la coordinaci\u00f3n, evitando el [&hellip;]<\/p>\n","protected":false},"author":1,"featured_media":0,"parent":0,"menu_order":0,"comment_status":"closed","ping_status":"closed","template":"","meta":{"site-sidebar-layout":"no-sidebar","site-content-layout":"","ast-site-content-layout":"full-width-container","site-content-style":"unboxed","site-sidebar-style":"unboxed","ast-global-header-display":"","ast-banner-title-visibility":"","ast-main-header-display":"","ast-hfb-above-header-display":"","ast-hfb-below-header-display":"","ast-hfb-mobile-header-display":"","site-post-title":"disabled","ast-breadcrumbs-content":"","ast-featured-img":"disabled","footer-sml-layout":"","ast-disable-related-posts":"","theme-transparent-header-meta":"default","adv-header-id-meta":"","stick-header-meta":"","header-above-stick-meta":"","header-main-stick-meta":"","header-below-stick-meta":"","astra-migrate-meta-layouts":"set","ast-page-background-enabled":"default","ast-page-background-meta":{"desktop":{"background-color":"var(--ast-global-color-4)","background-image":"","background-repeat":"repeat","background-position":"center center","background-size":"auto","background-attachment":"scroll","background-type":"","background-media":"","overlay-type":"","overlay-color":"","overlay-opacity":"","overlay-gradient":""},"tablet":{"background-color":"","background-image":"","background-repeat":"repeat","background-position":"center center","background-size":"auto","background-attachment":"scroll","background-type":"","background-media":"","overlay-type":"","overlay-color":"","overlay-opacity":"","overlay-gradient":""},"mobile":{"background-color":"","background-image":"","background-repeat":"repeat","background-position":"center center","background-size":"auto","background-attachment":"scroll","background-type":"","background-media":"","overlay-type":"","overlay-color":"","overlay-opacity":"","overlay-gradient":""}},"ast-content-background-meta":{"desktop":{"background-color":"var(--ast-global-color-5)","background-image":"","background-repeat":"repeat","background-position":"center center","background-size":"auto","background-attachment":"scroll","background-type":"","background-media":"","overlay-type":"","overlay-color":"","overlay-opacity":"","overlay-gradient":""},"tablet":{"background-color":"var(--ast-global-color-5)","background-image":"","background-repeat":"repeat","background-position":"center center","background-size":"auto","background-attachment":"scroll","background-type":"","background-media":"","overlay-type":"","overlay-color":"","overlay-opacity":"","overlay-gradient":""},"mobile":{"background-color":"var(--ast-global-color-5)","background-image":"","background-repeat":"repeat","background-position":"center center","background-size":"auto","background-attachment":"scroll","background-type":"","background-media":"","overlay-type":"","overlay-color":"","overlay-opacity":"","overlay-gradient":""}},"footnotes":""},"class_list":["post-8864","page","type-page","status-publish","hentry"],"_links":{"self":[{"href":"https:\/\/traininggames.com\/es\/wp-json\/wp\/v2\/pages\/8864","targetHints":{"allow":["GET"]}}],"collection":[{"href":"https:\/\/traininggames.com\/es\/wp-json\/wp\/v2\/pages"}],"about":[{"href":"https:\/\/traininggames.com\/es\/wp-json\/wp\/v2\/types\/page"}],"author":[{"embeddable":true,"href":"https:\/\/traininggames.com\/es\/wp-json\/wp\/v2\/users\/1"}],"replies":[{"embeddable":true,"href":"https:\/\/traininggames.com\/es\/wp-json\/wp\/v2\/comments?post=8864"}],"version-history":[{"count":0,"href":"https:\/\/traininggames.com\/es\/wp-json\/wp\/v2\/pages\/8864\/revisions"}],"wp:attachment":[{"href":"https:\/\/traininggames.com\/es\/wp-json\/wp\/v2\/media?parent=8864"}],"curies":[{"name":"wp","href":"https:\/\/api.w.org\/{rel}","templated":true}]}}