{"id":8445,"date":"2024-01-16T16:24:36","date_gmt":"2024-01-16T15:24:36","guid":{"rendered":"https:\/\/traininggames.com\/?page_id=8445"},"modified":"2025-02-28T07:50:43","modified_gmt":"2025-02-28T06:50:43","slug":"diversidad","status":"publish","type":"page","link":"https:\/\/traininggames.com\/es\/diversidad\/","title":{"rendered":"Diversidad"},"content":{"rendered":"<h1 style=\"text-align: center; color: var(--tcb-color-0) !important; --tcb-applied-color: var$(--tcb-color-0) !important;\"><strong><span style=\"--tcb-applied-color: var$(--tcb-color-0) !important;\">Diversidad en \u200bequipos<\/span><\/strong><\/h1>\n<h2 style=\"text-align: center;\"><span>Nuestro objetivo es mejorar las relaciones interpersonales para ayudar a comprender por qu\u00e9 interpretamos la realidad de manera diferente. <\/span><\/h2>\n<h1 style=\"text-align: center; color: var(--tcb-color-0) !important; --tcb-applied-color: var$(--tcb-color-0) !important;\"><strong><span style=\"--tcb-applied-color: var$(--tcb-color-0) !important;\">Diversidad en \u200bequipos<\/span><\/strong><\/h1>\n<h2 style=\"text-align: center;\"><span>Nuestro objetivo es mejorar las relaciones interpersonales para ayudar a comprender por qu\u00e9 interpretamos la realidad de manera diferente. <\/span><\/h2>\n<h2 style=\"text-align: center;\"><strong><span style=\"\">La psicodiversidad se refiere a la diversidad de la mente humana y la variedad de formas en que las personas piensan, sienten y perciben el mundo que les rodea.<\/span><\/strong><\/h2>\n<p style=\"text-align: center;\"><span style=\"\"><strong>NO ES IMPORTANTE TENER RAZ\u00d3N; LO IMPORTANTE ES ENTENDER LAS RAZONES DE LOS DEM\u00c1S.<\/strong><\/span><\/p>\n<h2 style=\"\"><strong><span style=\"\">Objetivos<\/span><\/strong><\/h2>\n<p style=\"\"><span style=\"\">Promover la psicodiversidad resalta la importancia de contar con equipos multifocales y aceptar que cada persona tiene una forma \u00fanica de experimentar el mundo y que estas diferencias tienen valor.<\/span><\/p>\n<ul>\n<li><span style=\"font-family: Raleway; font-weight: 400;\"><\/span><span style=\"font-family: Raleway; font-weight: 400;\">\u00bfPor qu\u00e9 es importante la diversidad para una empresa en su comprensi\u00f3n de la complejidad?<\/span><\/li>\n<li><span style=\"font-family: Raleway; font-weight: 400;\">\u00bfC\u00f3mo s\u00e9 el grado de diversidad de mi empresa a trav\u00e9s del \u00edndice de psicodiversidad?<\/span><\/li>\n<li><span style=\"font-family: Raleway; font-weight: 400;\">\u00bfQu\u00e9 factores reducen la diversidad, haciendo que la empresa sea menos atractiva para el talento?<span style=\"font-family: Raleway; font-weight: 400;\"><\/span><\/span><\/li>\n<\/ul>\n<p style=\"text-align: center;\"><span style=\"\"><strong>Aqu\u00ed, ganamos todos:<\/strong><\/span><\/p>\n<p style=\"text-align: center;\"><span style=\"\">En el contexto empresarial, la diversidad de pensamiento y perspectivas, aportan beneficios.<\/span><\/p>\n<h4 style=\"text-align: center; color: var(--tcb-color-2) !important; --tcb-applied-color: var$(--tcb-color-2) !important;\">Mejor toma de decisiones<\/h4>\n<p tve-u-18d11718cce\"\"=\"\" style=\"text-align: center; color: var(--tcb-color-2) !important; --tcb-applied-color: var$(--tcb-color-2) !important;\"><span>Diferentes formas de interpretar la realidad aportan diferentes enfoques a los problemas, y perspectivas de an\u00e1lisis complementarias.<\/span><\/p>\n<h4 style=\"text-align: center; color: var(--tcb-color-2) !important; --tcb-applied-color: var$(--tcb-color-2) !important;\">Mayor creatividad e innovaci\u00f3n<\/h4>\n<p tve-u-18d11718cd3\"\"=\"\" style=\"text-align: center; color: var(--tcb-color-2) !important; --tcb-applied-color: var$(--tcb-color-2) !important;\"><span>Diferentes formas de pensar, diferentes vivencias, diferentes experiencias, aportan aproximaciones diferentes a una misma idea.<\/span><\/p>\n<h4 style=\"text-align: center; color: var(--tcb-color-2) !important; --tcb-applied-color: var$(--tcb-color-2) !important;\">Mejora del clima laboral<\/h4>\n<p tve-u-18d11718cd8\"\"=\"\" style=\"text-align: center; color: var(--tcb-color-2) !important; --tcb-applied-color: var$(--tcb-color-2) !important;\"><span>La conciencia de diversidad, la sensaci\u00f3n de riqueza humana tiene un impacto positivo en el modo como se vive la actividad profesional y es muy relevante a la hora de retener talento.<\/span><\/p>\n<h4 style=\"text-align: center;\">Mejora de la imagen de la empresa<\/h4>\n<p style=\"text-align: center; color: var(--tcb-color-2) !important; --tcb-applied-color: var$(--tcb-color-2) !important;\">La puesta en valor de la diversidad por parte de las empresas mejora su imagen y su la reputaci\u00f3n y eso puede tener un gran impacto en factores como la captaci\u00f3n de talento.<\/p>\n<h2 style=\"text-align: center; color: var(--tcb-color-5) !important; --tcb-applied-color: var$(--tcb-color-5) !important;\"><strong><span style=\"\">Idea motora: La atenci\u00f3n y el reconocimiento inician un c\u00edrculo virtuoso de comprensi\u00f3n.<\/span><\/strong><\/h2>\n<h2 style=\"text-align: center; color: var(--tcb-color-5) !important; --tcb-applied-color: var$(--tcb-color-5) !important;\"><strong>Atenci\u00f3n<\/strong><\/h2>\n<p style=\"text-align: center;\"><span style=\"\"><span style=\"\">La conexi\u00f3n<\/span><\/span><\/p>\n<p style=\"text-align: center;\">El ejercicio de la escucha activa consciente e intencionada nos permite conectar con nuestro interlocutor..<\/p>\n<h2 style=\"text-align: center; color: var(--tcb-color-5) !important; --tcb-applied-color: var$(--tcb-color-5) !important;\"><strong>Reconocimiento<\/strong><\/h2>\n<p style=\"text-align: center;\"><span style=\"\"><span style=\"\">La complicidad<\/span><\/span><\/p>\n<p style=\"text-align: center;\">La empat\u00eda y la retroalimentaci\u00f3n muestran a nuestro interlocutor nuestro inter\u00e9s y generan complicidad.<\/p>\n<h2 style=\"text-align: center;\"><strong>Comprensi\u00f3n<\/strong><\/h2>\n<p style=\"text-align: center;\"><span style=\"\"><span style=\"\">El v\u00ednculo emocional<\/span><\/span><\/p>\n<p style=\"text-align: center;\">El objetivo final de toda comunicaci\u00f3n es la comprensi\u00f3n, donde se genera un sentimiento de conexi\u00f3n y consideraci\u00f3n.<\/p>\n<p><span><img decoding=\"async\" alt=\"\" data-id=\"8462\" width=\"838\" data-init-width=\"1280\" height=\"471\" data-init-height=\"720\" title=\"diversity-survey\" src=\"https:\/\/traininggames.com\/wp-content\/uploads\/2024\/01\/diversity-survey.webp?x95304&amp;x95304&amp;x95304&amp;x60954&amp;x60954&amp;x46536&amp;x46536&amp;x39811&amp;x62198&amp;x62198&amp;x62198&amp;x62198\" data-src=\"https:\/\/traininggames.com\/wp-content\/uploads\/2024\/01\/diversity-survey.webp?x95304&amp;x95304&amp;x95304&amp;x60954&amp;x60954&amp;x46536&amp;x46536&amp;x39811&amp;x62198&amp;x62198&amp;x62198&amp;x62198\" data-width=\"838\" data-height=\"471\" style=\"aspect-ratio: auto 1280 \/ 720;\" loading=\"lazy\"><\/span><\/p>\n<h2>\u00bfD\u00f3nde empezamos?<\/h2>\n<h2>\u00cdndice de psicodiversidad<\/h2>\n<p style=\"\"><span style=\"\"><span style=\"\">\u00bfSomos muy diferentes?<\/span><\/span><\/p>\n<p style=\"\"><span style=\"\">Un test sobre 12 conductas cr\u00edticas nos dar\u00e1 el perfil del grupo y su grado de dispersi\u00f3n y heterogeneidad.El modelo analiza tres dimensiones fundamentales del trabajo en equipo: orientaci\u00f3n a resultados, cohesi\u00f3n y comunicaci\u00f3n.El posicionamiento del participante le permite comparar su perfil con el del grupo.<\/span><\/p>\n<p><span><img decoding=\"async\" alt=\"\" data-id=\"8464\" width=\"838\" data-init-width=\"1280\" height=\"471\" data-init-height=\"720\" title=\"diversity-shoes\" src=\"https:\/\/traininggames.com\/wp-content\/uploads\/2024\/01\/diversity-shoes.webp?x95304&amp;x95304&amp;x95304&amp;x60954&amp;x60954&amp;x46536&amp;x46536&amp;x39811&amp;x62198&amp;x62198&amp;x62198&amp;x62198\" data-src=\"https:\/\/traininggames.com\/wp-content\/uploads\/2024\/01\/diversity-shoes.webp?x95304&amp;x95304&amp;x95304&amp;x60954&amp;x60954&amp;x46536&amp;x46536&amp;x39811&amp;x62198&amp;x62198&amp;x62198&amp;x62198\" data-width=\"838\" data-height=\"471\" style=\"aspect-ratio: auto 1280 \/ 720;\" loading=\"lazy\"><\/span><\/p>\n<h2>\u00bfC\u00f3mo nos involucramos?<\/h2>\n<h2>Simulation Learning Game<\/h2>\n<p style=\"\"><span style=\"\"><span style=\"\">Comprender la psicodiversidad<\/span><\/span><\/p>\n<p style=\"\"><span style=\"\">\u201cEn mis zapatos\u201d es una din\u00e1mica l\u00fadica en la que los participantes comparten sus percepciones de los dem\u00e1s de manera cruzada.Al confrontar la imagen proyectada con la autoimagen, se resaltan suavemente los prejuicios y sus causas.<\/span><\/p>\n<p><span><img decoding=\"async\" alt=\"\" data-id=\"8466\" width=\"838\" data-init-width=\"1280\" height=\"471\" data-init-height=\"720\" title=\"diversity-presentation\" src=\"https:\/\/traininggames.com\/wp-content\/uploads\/2024\/01\/diversity-presentation.webp?x95304&amp;x95304&amp;x95304&amp;x60954&amp;x60954&amp;x46536&amp;x46536&amp;x39811&amp;x62198&amp;x62198&amp;x62198&amp;x62198\" data-src=\"https:\/\/traininggames.com\/wp-content\/uploads\/2024\/01\/diversity-presentation.webp?x95304&amp;x95304&amp;x95304&amp;x60954&amp;x60954&amp;x46536&amp;x46536&amp;x39811&amp;x62198&amp;x62198&amp;x62198&amp;x62198\" data-width=\"838\" data-height=\"471\" style=\"aspect-ratio: auto 1280 \/ 720;\" loading=\"lazy\"><\/span><\/p>\n<h2>\u00bfQu\u00e9 tan diferentes somos?<\/h2>\n<h2>Presentaci\u00f3n interactiva<\/h2>\n<p><span><span>\u00bfC\u00f3mo percibimos a los dem\u00e1s?<\/span><\/span><\/p>\n<p style=\"\"><span style=\"\">Una presentaci\u00f3n personal al resto de participantes desde la perspectiva de los valores, las emociones y los deseos.Los participantes realizan un cartel de presentaci\u00f3n diferente que, lejos de sus roles y funciones, les permite explicar lo que hay en lo m\u00e1s profundo de su interior.<\/span><\/p>\n<p><span><img decoding=\"async\" alt=\"\" data-id=\"8468\" width=\"838\" data-init-width=\"1280\" height=\"471\" data-init-height=\"720\" title=\"diversity-comunicacion-tips\" src=\"https:\/\/traininggames.com\/wp-content\/uploads\/2024\/01\/diversity-comunicacion-tips.webp?x95304&amp;x95304&amp;x95304&amp;x60954&amp;x60954&amp;x46536&amp;x46536&amp;x39811&amp;x62198&amp;x62198&amp;x62198&amp;x62198\" data-src=\"https:\/\/traininggames.com\/wp-content\/uploads\/2024\/01\/diversity-comunicacion-tips.webp?x95304&amp;x95304&amp;x95304&amp;x60954&amp;x60954&amp;x46536&amp;x46536&amp;x39811&amp;x62198&amp;x62198&amp;x62198&amp;x62198\" data-width=\"838\" data-height=\"471\" style=\"aspect-ratio: auto 1280 \/ 720;\" loading=\"lazy\"><\/span><\/p>\n<h2>\u00bfC\u00f3mo podemos desarrollarnos?&nbsp;<\/h2>\n<h2>Tips de comunicaci\u00f3n<\/h2>\n<p style=\"\"><span style=\"\"><span style=\"\">\u00bfC\u00f3mo podemos comunicarnos mejor?<\/span><\/span><\/p>\n<p style=\"\"><span style=\"\">Podemos afirmar que la realidad depende del \u00abcolor\u00bb del cristal a trav\u00e9s del cual miramos.La personalidad es como la gama de colores; hay tantas personalidades como personas. Eso no quiere decir que no podamos agruparlos, digamos, por \u00abcolores dominantes\u00bb para que podamos entender sus principales caracter\u00edsticas.<\/span><\/p>\n<p><span><img decoding=\"async\" alt=\"\" data-id=\"8505\" data-init-width=\"1414\" data-init-height=\"2000\" title=\"Diversidad y Equipos\" src=\"https:\/\/traininggames.com\/wp-content\/uploads\/2023\/08\/La-colaboracion-posible.webp?x95304&amp;x95304&amp;x95304&amp;x60954&amp;x60954&amp;x46536&amp;x46536&amp;x39811&amp;x62198&amp;x98005&amp;x16528\" data-src=\"https:\/\/traininggames.com\/wp-content\/uploads\/2023\/08\/La-colaboracion-posible.webp?x95304&amp;x95304&amp;x95304&amp;x60954&amp;x60954&amp;x46536&amp;x46536&amp;x39811&amp;x62198&amp;x98005&amp;x16528\" data-width=\"141\" style=\"aspect-ratio: auto 1414 \/ 2000;\" width=\"141\" height=\"199\" data-height=\"199\" loading=\"lazy\"><\/span><\/p>\n<h2 style=\"text-align: center;\">Construye equipos con Training Games<\/h2>\n<h2 style=\"text-align: center;\"><span style=\"font-weight: normal;\">Mejora el rendimiento de tus equipos con juegos y simulaciones.<\/span><\/h2>\n","protected":false},"excerpt":{"rendered":"<p>Diversidad en \u200bequipos Nuestro objetivo es mejorar las relaciones interpersonales para ayudar a comprender por qu\u00e9 interpretamos la realidad de [&hellip;]<\/p>\n","protected":false},"author":1,"featured_media":0,"parent":0,"menu_order":0,"comment_status":"closed","ping_status":"closed","template":"","meta":{"site-sidebar-layout":"no-sidebar","site-content-layout":"page-builder","ast-site-content-layout":"full-width-container","site-content-style":"unboxed","site-sidebar-style":"unboxed","ast-global-header-display":"","ast-banner-title-visibility":"","ast-main-header-display":"","ast-hfb-above-header-display":"","ast-hfb-below-header-display":"","ast-hfb-mobile-header-display":"","site-post-title":"disabled","ast-breadcrumbs-content":"","ast-featured-img":"","footer-sml-layout":"","ast-disable-related-posts":"","theme-transparent-header-meta":"default","adv-header-id-meta":"","stick-header-meta":"","header-above-stick-meta":"","header-main-stick-meta":"","header-below-stick-meta":"","astra-migrate-meta-layouts":"set","ast-page-background-enabled":"default","ast-page-background-meta":{"desktop":{"background-color":"var(--ast-global-color-4)","background-image":"","background-repeat":"repeat","background-position":"center center","background-size":"auto","background-attachment":"scroll","background-type":"","background-media":"","overlay-type":"","overlay-color":"","overlay-opacity":"","overlay-gradient":""},"tablet":{"background-color":"","background-image":"","background-repeat":"repeat","background-position":"center center","background-size":"auto","background-attachment":"scroll","background-type":"","background-media":"","overlay-type":"","overlay-color":"","overlay-opacity":"","overlay-gradient":""},"mobile":{"background-color":"","background-image":"","background-repeat":"repeat","background-position":"center center","background-size":"auto","background-attachment":"scroll","background-type":"","background-media":"","overlay-type":"","overlay-color":"","overlay-opacity":"","overlay-gradient":""}},"ast-content-background-meta":{"desktop":{"background-color":"var(--ast-global-color-5)","background-image":"","background-repeat":"repeat","background-position":"center center","background-size":"auto","background-attachment":"scroll","background-type":"","background-media":"","overlay-type":"","overlay-color":"","overlay-opacity":"","overlay-gradient":""},"tablet":{"background-color":"var(--ast-global-color-5)","background-image":"","background-repeat":"repeat","background-position":"center center","background-size":"auto","background-attachment":"scroll","background-type":"","background-media":"","overlay-type":"","overlay-color":"","overlay-opacity":"","overlay-gradient":""},"mobile":{"background-color":"var(--ast-global-color-5)","background-image":"","background-repeat":"repeat","background-position":"center center","background-size":"auto","background-attachment":"scroll","background-type":"","background-media":"","overlay-type":"","overlay-color":"","overlay-opacity":"","overlay-gradient":""}},"footnotes":""},"class_list":["post-8445","page","type-page","status-publish","hentry"],"_links":{"self":[{"href":"https:\/\/traininggames.com\/es\/wp-json\/wp\/v2\/pages\/8445","targetHints":{"allow":["GET"]}}],"collection":[{"href":"https:\/\/traininggames.com\/es\/wp-json\/wp\/v2\/pages"}],"about":[{"href":"https:\/\/traininggames.com\/es\/wp-json\/wp\/v2\/types\/page"}],"author":[{"embeddable":true,"href":"https:\/\/traininggames.com\/es\/wp-json\/wp\/v2\/users\/1"}],"replies":[{"embeddable":true,"href":"https:\/\/traininggames.com\/es\/wp-json\/wp\/v2\/comments?post=8445"}],"version-history":[{"count":0,"href":"https:\/\/traininggames.com\/es\/wp-json\/wp\/v2\/pages\/8445\/revisions"}],"wp:attachment":[{"href":"https:\/\/traininggames.com\/es\/wp-json\/wp\/v2\/media?parent=8445"}],"curies":[{"name":"wp","href":"https:\/\/api.w.org\/{rel}","templated":true}]}}