{"id":7801,"date":"2023-07-03T17:01:56","date_gmt":"2023-07-03T15:01:56","guid":{"rendered":"https:\/\/traininggames.com\/?page_id=7801"},"modified":"2024-10-04T13:38:39","modified_gmt":"2024-10-04T11:38:39","slug":"juegos-onboarding","status":"publish","type":"page","link":"https:\/\/traininggames.com\/es\/juegos-onboarding\/","title":{"rendered":"Juegos onboarding"},"content":{"rendered":"<h1 style=\"text-align: center; color: var(--tcb-color-0) !important; --tcb-applied-color: var$(--tcb-color-0) !important;\"><strong><span style=\"--tcb-applied-color: var$(--tcb-color-0) !important;\">Juegos Onboarding<\/span><\/strong><\/h1>\n<h2 style=\"text-align: center;\"><span>Todo nuestro conocimiento en temas de confianza y equipos, al servicio de una experiencia estimulante y divertida. <\/span><\/h2>\n<h2 style=\"text-align: left; color: var(--tcb-color-1) !important; --tcb-applied-color: var$(--tcb-color-1) !important;\"><strong>Escape Game<\/strong><\/h2>\n<p><strong><span style=\"letter-spacing: 1px;\">Dise\u00f1amos y dinamizamos tu Escape Game a medida para acompa\u00f1ar a los candidatos en sus primeros pasos.<\/span><\/strong><\/p>\n<p style=\"text-align: left;\"><span style=\"font-family: Raleway; font-weight: 400;\">Transmite seguridad y confianza de una forma divertida.Un juego para programas onboarding personalizable.\u00a1Crea tu propia historia!<\/span><\/p>\n<p style=\"text-align: left;\"><span style=\"font-family: Raleway; font-weight: 400;\">En formato presencial o live webinar observamos comportamientos y vemos cu\u00e1l es el proceso de trabajo en equipo.<\/span><\/p>\n<h2 style=\"text-align: center; color: var(--tcb-color-3) !important; --tcb-applied-color: var$(--tcb-color-3) !important;\"><strong>Confianza<\/strong><\/h2>\n<p style=\"text-align: center; color: var(--tcb-color-0) !important; --tcb-applied-color: var$(--tcb-color-0) !important;\"><span style=\"\">Una experiencia divertida que transmite seguridad.<\/span><\/p>\n<p style=\"text-align: center; color: var(--tcb-color-0) !important; --tcb-applied-color: var$(--tcb-color-0) !important;\"><span style=\"font-family: Raleway; font-weight: 400;\">Conecta los primeros pasos del candidato con una experiencia positiva. Hazle sentir que ha tomado la decisi\u00f3n correcta y est\u00e1 en el mejor sitio.<\/span><\/p>\n<h2 style=\"text-align: center; color: var(--tcb-color-3) !important; --tcb-applied-color: var$(--tcb-color-3) !important;\"><strong>Equipo<\/strong><\/h2>\n<p style=\"text-align: center; color: var(--tcb-color-0) !important; --tcb-applied-color: var$(--tcb-color-0) !important;\"><span style=\"\">Un sentimiento de pertenencia que les une y cohesiona.<\/span><\/p>\n<p style=\"text-align: center; color: var(--tcb-color-0) !important; --tcb-applied-color: var$(--tcb-color-0) !important;\"><span style=\"font-family: Raleway; font-weight: 400;\">Consigue que los candidatos se identifiquen como una comunidad. Haz que interact\u00faen entre ellos y creen lazos que los acompa\u00f1ar\u00e1n en el futuro.<\/span><\/p>\n<h2 style=\"text-align: center; color: var(--tcb-color-3) !important; --tcb-applied-color: var$(--tcb-color-3) !important;\"><strong>A medida<\/strong><\/h2>\n<p style=\"text-align: center;\"><span style=\"\">Compartiendo tus valores y prop\u00f3sito,<\/span><\/p>\n<p style=\"text-align: center; color: var(--tcb-color-0) !important; --tcb-applied-color: var$(--tcb-color-0) !important;\"><span style=\"font-family: Raleway; font-weight: 400;\">Transmite tus valores y toda la informaci\u00f3n asociada desde el primer momento. Crea tu propia historia y dise\u00f1a un juego totalmente a medida en tema y contenidos.<\/span><\/p>\n","protected":false},"excerpt":{"rendered":"<p>Juegos Onboarding Todo nuestro conocimiento en temas de confianza y equipos, al servicio de una experiencia estimulante y divertida. Escape [&hellip;]<\/p>\n","protected":false},"author":1,"featured_media":0,"parent":0,"menu_order":0,"comment_status":"closed","ping_status":"closed","template":"","meta":{"site-sidebar-layout":"no-sidebar","site-content-layout":"page-builder","ast-site-content-layout":"default","site-content-style":"default","site-sidebar-style":"default","ast-global-header-display":"","ast-banner-title-visibility":"","ast-main-header-display":"","ast-hfb-above-header-display":"","ast-hfb-below-header-display":"","ast-hfb-mobile-header-display":"","site-post-title":"disabled","ast-breadcrumbs-content":"","ast-featured-img":"","footer-sml-layout":"","ast-disable-related-posts":"","theme-transparent-header-meta":"default","adv-header-id-meta":"","stick-header-meta":"","header-above-stick-meta":"","header-main-stick-meta":"","header-below-stick-meta":"","astra-migrate-meta-layouts":"default","ast-page-background-enabled":"default","ast-page-background-meta":{"desktop":{"background-color":"var(--ast-global-color-4)","background-image":"","background-repeat":"repeat","background-position":"center center","background-size":"auto","background-attachment":"scroll","background-type":"","background-media":"","overlay-type":"","overlay-color":"","overlay-opacity":"","overlay-gradient":""},"tablet":{"background-color":"","background-image":"","background-repeat":"repeat","background-position":"center center","background-size":"auto","background-attachment":"scroll","background-type":"","background-media":"","overlay-type":"","overlay-color":"","overlay-opacity":"","overlay-gradient":""},"mobile":{"background-color":"","background-image":"","background-repeat":"repeat","background-position":"center center","background-size":"auto","background-attachment":"scroll","background-type":"","background-media":"","overlay-type":"","overlay-color":"","overlay-opacity":"","overlay-gradient":""}},"ast-content-background-meta":{"desktop":{"background-color":"var(--ast-global-color-5)","background-image":"","background-repeat":"repeat","background-position":"center center","background-size":"auto","background-attachment":"scroll","background-type":"","background-media":"","overlay-type":"","overlay-color":"","overlay-opacity":"","overlay-gradient":""},"tablet":{"background-color":"var(--ast-global-color-5)","background-image":"","background-repeat":"repeat","background-position":"center center","background-size":"auto","background-attachment":"scroll","background-type":"","background-media":"","overlay-type":"","overlay-color":"","overlay-opacity":"","overlay-gradient":""},"mobile":{"background-color":"var(--ast-global-color-5)","background-image":"","background-repeat":"repeat","background-position":"center center","background-size":"auto","background-attachment":"scroll","background-type":"","background-media":"","overlay-type":"","overlay-color":"","overlay-opacity":"","overlay-gradient":""}},"footnotes":""},"class_list":["post-7801","page","type-page","status-publish","hentry"],"_links":{"self":[{"href":"https:\/\/traininggames.com\/es\/wp-json\/wp\/v2\/pages\/7801","targetHints":{"allow":["GET"]}}],"collection":[{"href":"https:\/\/traininggames.com\/es\/wp-json\/wp\/v2\/pages"}],"about":[{"href":"https:\/\/traininggames.com\/es\/wp-json\/wp\/v2\/types\/page"}],"author":[{"embeddable":true,"href":"https:\/\/traininggames.com\/es\/wp-json\/wp\/v2\/users\/1"}],"replies":[{"embeddable":true,"href":"https:\/\/traininggames.com\/es\/wp-json\/wp\/v2\/comments?post=7801"}],"version-history":[{"count":0,"href":"https:\/\/traininggames.com\/es\/wp-json\/wp\/v2\/pages\/7801\/revisions"}],"wp:attachment":[{"href":"https:\/\/traininggames.com\/es\/wp-json\/wp\/v2\/media?parent=7801"}],"curies":[{"name":"wp","href":"https:\/\/api.w.org\/{rel}","templated":true}]}}