{"id":7292,"date":"2023-03-30T11:34:40","date_gmt":"2023-03-30T09:34:40","guid":{"rendered":"https:\/\/traininggames.com\/?page_id=7292"},"modified":"2024-10-04T13:38:22","modified_gmt":"2024-10-04T11:38:22","slug":"compromiso-y-resultados","status":"publish","type":"page","link":"https:\/\/traininggames.com\/es\/compromiso-y-resultados\/","title":{"rendered":"Compromiso y resultados"},"content":{"rendered":"<h1 style=\"text-align: center; color: var(--tcb-color-0) !important; --tcb-applied-color: var$(--tcb-color-0) !important;\"><strong><span style=\"--tcb-applied-color: var$(--tcb-color-0) !important;\">Compromiso y Resultados<\/span><\/strong><\/h1>\n<h2 style=\"text-align: center;\">El cielo es el l\u00edmite<\/h2>\n<h2 style=\"text-align: center;\"><span>Los equipos comprometidos generan resultados m\u00e1s all\u00e1 de lo esperado.Con esta din\u00e1mica gamificada, los equipos toman conciencia de la importancia y el impacto de la contribuci\u00f3n personal en los resultados.<\/span><\/h2>\n<h2 style=\"text-align: left;\"><strong><span>Consigue que tus equipos se comprometan<\/span><\/strong><\/h2>\n<p style=\"text-align: left;\"><span style=\"font-family: Raleway; font-weight: 400;\">Cuando una organizaci\u00f3n consigue que sus equipos, adem\u00e1s de la cabeza, pongan el coraz\u00f3n en su trabajo, los resultados son extraordinarios. Cuando las personas contribuyen con generosidad, sin esperar nada a cambio, la organizaci\u00f3n llega a un nivel de madurez y confianza que es capaz de enfrentarse a cualquier cosa.<\/span><\/p>\n<h2><strong><span style=\"--tcb-applied-color:var$(--tcb-color-1)  !important; color: var(--tcb-color-2);\">ALINEAMOS L\u00cdDERES Y EQUIPOS EN TORNO AL PROYECTO COM\u00daN.<\/span><\/strong><\/h2>\n<h2 style=\"text-align: center; color: var(--tcb-color-0)  !important; --tcb-applied-color:var$(--tcb-color-0)  !important;\">El programa<\/h2>\n<p style=\"text-align: center;\">Jugando, toman conciencia de que un resultado colaborativo depende en primer lugar de uno mismo y de las decisiones que tomamos. Solo desde una actitud colaborativa y generando confianza, se puede llegar a tener un proyecto com\u00fan y compartir el prop\u00f3sito.<\/p>\n<p><span style=\"\"><img decoding=\"async\" alt=\"\" data-id=\"7412\" data-init-width=\"500\" data-init-height=\"500\" title=\"Globo\" src=\"https:\/\/traininggames.com\/wp-content\/uploads\/2023\/04\/Globo.webp?x60954&amp;x60954&amp;x60954&amp;x98005&amp;x16528\" data-src=\"https:\/\/traininggames.com\/wp-content\/uploads\/2023\/04\/Globo.webp?x60954&amp;x60954&amp;x60954&amp;x98005&amp;x16528\" data-width=\"500\" style=\"aspect-ratio: auto 500 \/ 500;\" mt-d=\"0\" loading=\"lazy\" width=\"500\" height=\"500\" data-height=\"500\"><\/span><\/p>\n<h2 style=\"\"><span>Simulation Learning Game<\/span><\/h2>\n<p style=\"\">Es una din\u00e1mica l\u00fadica donde los participantes se enfrentan al dilema de tomar decisiones sin comunicaci\u00f3n y en circunstancias de estr\u00e9s, sabiendo que impactar\u00e1n en los resultados.Jugando, toman conciencia de la importancia de la colaboraci\u00f3n y la confianza.El storyline te introduce en una din\u00e1mica, conectada con el pensamiento sist\u00e9mico y la visi\u00f3n de conjunto.<\/p>\n<p style=\"\">\n<p style=\"color: var(--tcb-color-0)  !important; --tcb-applied-color:var$(--tcb-color-0)  !important;\">Es un programa de formaci\u00f3n\/motivaci\u00f3n que puede ser independiente o integrarse en reuniones, workshops o programas m\u00e1s largos.Duraci\u00f3n entre 2\/3 horas.Actividad gamificada. Indoor\/Outdoor.<\/p>\n<h2 style=\"text-align: center;\"><strong><span style=\"\">El objetivo es desarrollar:<\/span><\/strong><\/h2>\n<h2 style=\"text-align: center;\"><strong><span style=\"\">La implicaci\u00f3n<\/span><\/strong><\/h2>\n<p style=\"text-align: center;\">D\u00f3nde deseamos estar, \u00bfen el problema o en la soluci\u00f3n? Los participantes toman conciencia de la importancia y el impacto de la <strong>contribuci\u00f3n personal<\/strong> en los resultados, y a la vez, de que solo contribuyendo podemos esperar respuestas.<\/p>\n<h2 style=\"text-align: center; color: rgb(235, 71, 153) !important; --tcb-applied-color:rgb(235, 71, 153)  !important;\"><strong><span style=\"\">La colaboraci\u00f3n<\/span><\/strong><\/h2>\n<p style=\"text-align: center;\">La <strong>actitud <\/strong>lo es todo. Para obtener una respuesta positiva de alguien, nuestra primera acci\u00f3n debe ser generosa. Solo as\u00ed tenemos la oportunidad de crear un c\u00edrculo virtuoso que acabe en colaboraci\u00f3n y favorezca a ambos.<\/p>\n<h2 style=\"text-align: center;\"><strong><span style=\"\">La visi\u00f3n de conjunto<\/span><\/strong><\/h2>\n<p style=\"text-align: center;\"><span>Hoy en d\u00eda todos somos <strong>interdependientes<\/strong>. Lo que ocurre en un lado afecta al otro, por lo que lo m\u00e1s inteligente es buscar el equilibrio beneficiando a la vez al individuo y al conjunto. La comunicaci\u00f3n y la confianza son cr\u00edticos.<\/span><\/p>\n<p><span><img decoding=\"async\" alt=\"\" data-id=\"8052\" data-init-width=\"141\" data-init-height=\"199\" title=\"La-colaboracion-posible\" src=\"https:\/\/traininggames.com\/wp-content\/uploads\/2023\/08\/La-colaboracion-posible.webp?x60954&amp;x60954&amp;x60954&amp;x98005&amp;x16528\" data-src=\"https:\/\/traininggames.com\/wp-content\/uploads\/2023\/08\/La-colaboracion-posible.webp?x60954&amp;x60954&amp;x60954&amp;x98005&amp;x16528\" data-width=\"141\" style=\"aspect-ratio: auto 141 \/ 199;\" width=\"141\" height=\"199\" data-height=\"199\" loading=\"lazy\"><\/span><\/p>\n<h2 style=\"\">La colaboraci\u00f3n, \u00bfes siempre posible?<\/h2>\n<h2 style=\"\"><span style=\"font-weight: normal;\"><span style=\"font-size: 18px;\">La Alianza, la Cooperaci\u00f3n y la Colaboraci\u00f3n son los tres grados de entendimiento a los que un equipo puede llegar dependiendo de su madurez.<\/span><\/span><\/h2>\n","protected":false},"excerpt":{"rendered":"<p>Compromiso y Resultados El cielo es el l\u00edmite Los equipos comprometidos generan resultados m\u00e1s all\u00e1 de lo esperado.Con esta din\u00e1mica [&hellip;]<\/p>\n","protected":false},"author":1,"featured_media":0,"parent":0,"menu_order":0,"comment_status":"closed","ping_status":"closed","template":"","meta":{"site-sidebar-layout":"no-sidebar","site-content-layout":"page-builder","ast-site-content-layout":"default","site-content-style":"default","site-sidebar-style":"default","ast-global-header-display":"","ast-banner-title-visibility":"","ast-main-header-display":"","ast-hfb-above-header-display":"","ast-hfb-below-header-display":"","ast-hfb-mobile-header-display":"","site-post-title":"disabled","ast-breadcrumbs-content":"","ast-featured-img":"disabled","footer-sml-layout":"","ast-disable-related-posts":"","theme-transparent-header-meta":"default","adv-header-id-meta":"","stick-header-meta":"","header-above-stick-meta":"","header-main-stick-meta":"","header-below-stick-meta":"","astra-migrate-meta-layouts":"default","ast-page-background-enabled":"default","ast-page-background-meta":{"desktop":{"background-color":"var(--ast-global-color-4)","background-image":"","background-repeat":"repeat","background-position":"center center","background-size":"auto","background-attachment":"scroll","background-type":"","background-media":"","overlay-type":"","overlay-color":"","overlay-opacity":"","overlay-gradient":""},"tablet":{"background-color":"","background-image":"","background-repeat":"repeat","background-position":"center center","background-size":"auto","background-attachment":"scroll","background-type":"","background-media":"","overlay-type":"","overlay-color":"","overlay-opacity":"","overlay-gradient":""},"mobile":{"background-color":"","background-image":"","background-repeat":"repeat","background-position":"center center","background-size":"auto","background-attachment":"scroll","background-type":"","background-media":"","overlay-type":"","overlay-color":"","overlay-opacity":"","overlay-gradient":""}},"ast-content-background-meta":{"desktop":{"background-color":"var(--ast-global-color-5)","background-image":"","background-repeat":"repeat","background-position":"center center","background-size":"auto","background-attachment":"scroll","background-type":"","background-media":"","overlay-type":"","overlay-color":"","overlay-opacity":"","overlay-gradient":""},"tablet":{"background-color":"var(--ast-global-color-5)","background-image":"","background-repeat":"repeat","background-position":"center center","background-size":"auto","background-attachment":"scroll","background-type":"","background-media":"","overlay-type":"","overlay-color":"","overlay-opacity":"","overlay-gradient":""},"mobile":{"background-color":"var(--ast-global-color-5)","background-image":"","background-repeat":"repeat","background-position":"center center","background-size":"auto","background-attachment":"scroll","background-type":"","background-media":"","overlay-type":"","overlay-color":"","overlay-opacity":"","overlay-gradient":""}},"footnotes":""},"class_list":["post-7292","page","type-page","status-publish","hentry"],"_links":{"self":[{"href":"https:\/\/traininggames.com\/es\/wp-json\/wp\/v2\/pages\/7292","targetHints":{"allow":["GET"]}}],"collection":[{"href":"https:\/\/traininggames.com\/es\/wp-json\/wp\/v2\/pages"}],"about":[{"href":"https:\/\/traininggames.com\/es\/wp-json\/wp\/v2\/types\/page"}],"author":[{"embeddable":true,"href":"https:\/\/traininggames.com\/es\/wp-json\/wp\/v2\/users\/1"}],"replies":[{"embeddable":true,"href":"https:\/\/traininggames.com\/es\/wp-json\/wp\/v2\/comments?post=7292"}],"version-history":[{"count":0,"href":"https:\/\/traininggames.com\/es\/wp-json\/wp\/v2\/pages\/7292\/revisions"}],"wp:attachment":[{"href":"https:\/\/traininggames.com\/es\/wp-json\/wp\/v2\/media?parent=7292"}],"curies":[{"name":"wp","href":"https:\/\/api.w.org\/{rel}","templated":true}]}}