{"id":6164,"date":"2023-01-17T15:41:52","date_gmt":"2023-01-17T14:41:52","guid":{"rendered":"https:\/\/traininggames.com\/sobre-nosotros\/"},"modified":"2026-03-31T17:37:23","modified_gmt":"2026-03-31T15:37:23","slug":"sobre-nosotros","status":"publish","type":"page","link":"https:\/\/traininggames.com\/es\/sobre-nosotros\/","title":{"rendered":"Sobre nosotros"},"content":{"rendered":"<h1 style=\"text-align: center;\"><span style=\"--tcb-applied-color: var$(--tcb-color-0)  !important; color: var(--tcb-color-0);\">Sobre Training Games<\/span><\/h1>\n<h2 style=\"text-align: center; color: var(--tcb-color-0)  !important; --tcb-applied-color: var$(--tcb-color-0)  !important;\">Formaci\u00f3n gamificada para objetivos corporativos.<\/h2>\n<p style=\"text-align: center;\"><strong><span style=\"color: var(--tcb-color-0); font-size: 20px;\">Desde 1995 nos hemos centrado en el desarrollo de los equipos y de sus l\u00edderes.&nbsp;<\/span><\/strong><\/p>\n<p><span style=\"\"><img decoding=\"async\" alt=\"Sobre Training Games\" data-id=\"8090\" data-init-width=\"400\" data-init-height=\"400\" title=\"Sobre Training Games\" src=\"https:\/\/traininggames.com\/wp-content\/uploads\/2023\/08\/Sobre-Training-Games.webp?x54025&amp;x54025&amp;x54025&amp;x64387&amp;x16528\" data-src=\"https:\/\/traininggames.com\/wp-content\/uploads\/2023\/08\/Sobre-Training-Games.webp?x54025&amp;x54025&amp;x54025&amp;x64387&amp;x16528\" data-width=\"490\" data-height=\"490\" style=\"aspect-ratio: auto 400 \/ 400;\" ml-d=\"0\" mt-d=\"0\" loading=\"lazy\" mt-m=\"0\" ml-m=\"-155.71700000000004\" width=\"490\" height=\"490\"><\/span><\/p>\n<h2 style=\"\">Juegos serios y simulaciones<\/h2>\n<p style=\"\"><span style=\"\"><span style=\"\">Tanto presenciales como online.<\/span><\/span><\/p>\n<p style=\"\"><span style=\"\">Utilizamos el aprendizaje experiencial como metodolog\u00eda, junto con la gamificaci\u00f3n para llegar a las emociones. Training Games utiliza din\u00e1micas interactivas emocionales para mejorar el rendimiento del equipo. Se basan en simulaciones y juegos serios, o talleres donde los participantes aprenden el modelo de desarrollo de la confianza al vivirlo. La experiencia se puede aplicar en la organizaci\u00f3n fomentando la comunicaci\u00f3n, la cohesi\u00f3n y la coordinaci\u00f3n.<\/span><\/p>\n<h2 style=\"text-align: left;\">Motiva a tus equipos<strong><\/strong><\/h2>\n<p style=\"text-align: left;\"><strong><strong>Compite, colabora y gana.<\/strong> Divi\u00e9rtete y crea relaciones emocionales a largo plazo con tu equipo.<\/strong><\/p>\n<p style=\"text-align: left;\"><span style=\"font-family: Raleway; font-weight: 400;\">Desarrolla tus habilidades interpersonales, trabaja colaborativamente, lidera y motiva a tu equipo, con simulaciones de negocios y juegos serios.<\/span><\/p>\n<h2 style=\"text-align: left;\"><strong>DESARROLLAMOS LA MOTIVACI\u00d3N, LA CONFIANZA Y EL COMPROMISO.<\/strong><\/h2>\n<h2 style=\"text-align: center; color: rgb(77, 185, 231) !important; --tcb-applied-color:rgb(77, 185, 231)  !important;\"><strong>\u00bfPorqu\u00e9 somos diferentes?<\/strong><\/h2>\n<h3 style=\"text-align: center;\"><strong>Simuladores relacionales<\/strong><\/h3>\n<p style=\"letter-spacing: 0px; text-align: center; color: var(--tcb-color-2)  !important; --tcb-applied-color:var$(--tcb-color-2)  !important;\">Simulaciones que se centran en la relaci\u00f3n, no en el contenido. Recrean un contexto espec\u00edfico y dejan a los participantes tomar decisiones sin condiciones predefinidas o un modelo de referencia.<\/p>\n<h3 style=\"text-align: center;\"><strong>Contenidos personalizados&nbsp;<\/strong><\/h3>\n<p style=\"letter-spacing: 0px; text-align: center; color: var(--tcb-color-2)  !important; --tcb-applied-color:var$(--tcb-color-2)  !important;\">El aprendizaje es una actividad esencial. Los contenidos espec\u00edficos, los valores de la empresa o los mensajes clave, se transmiten de manera excepcional con la formaci\u00f3n gamificada.<\/p>\n<h3 style=\"text-align: center;\"><strong>100% tutorizado<\/strong><\/h3>\n<p style=\"letter-spacing: 0px; text-align: center; color: var(--tcb-color-2)  !important; --tcb-applied-color:var$(--tcb-color-2)  !important;\">Un tutor dedicado a tiempo completo estimula la interacci\u00f3n, resuelve dudas y ayuda en el an\u00e1lisis. Controla la din\u00e1mica para mantener el inter\u00e9s y asegurar la participaci\u00f3n.<\/p>\n<h2 style=\"\"><span style=\"\">\u00bfC\u00f3mo lo hacemos?<\/span><\/h2>\n<p>Para lograr equipos auto coordinados, que se coordinen con rapidez y agilidad, es imprescindible el sentido de pertenencia y una colaboraci\u00f3n proactiva. El talento dispuesto a compartir, necesita confianza. Y la confianza es un factor que se desarrolla con las interacciones.<\/p>\n<p>1<\/p>\n<h2 style=\"\"><strong><span style=\"\"><span style=\"\">MOTIVANDO<\/span><\/span><\/strong><\/h2>\n<p style=\"color: var(--tcb-color-2)  !important; --tcb-applied-color:var$(--tcb-color-2)  !important;\">Motivar y fomentar la participaci\u00f3n de los equipos . Reconocer las iniciativas y las aportaciones.<\/p>\n<p><strong>2<\/strong><\/p>\n<h2 style=\"\"><strong><span style=\"\"><span style=\"\">FORMANDO<\/span><\/span><\/strong><\/h2>\n<p style=\"color: var(--tcb-color-2)  !important; --tcb-applied-color:var$(--tcb-color-2)  !important;\">Transmitir mensajes cr\u00edticos o formar con contenidos a medida, donde la din\u00e1mica l\u00fadica es una parte fundamental de la formaci\u00f3n gamificada.<\/p>\n<p><strong>3<\/strong><\/p>\n<h2 style=\"\"><strong><span style=\"\"><span style=\"\">COHESIONANDO<\/span><\/span><\/strong><\/h2>\n<p style=\"color: var(--tcb-color-2)  !important; --tcb-applied-color:var$(--tcb-color-2)  !important;\">Comprometerse compartiendo prop\u00f3sito, valores y estrategia. Promover el orgullo de pertenencia y el sentido de comunidad.<\/p>\n<p style=\"color: var(--tcb-color-2)  !important; --tcb-applied-color:var$(--tcb-color-2)  !important;\">\n<h2 style=\"text-align: center;\"><strong>&nbsp;Aprendizaje Experiencial<\/strong><\/h2>\n<h2 style=\"text-align: center;\">Las simulaciones de negocios pueden dar como resultado un aprendizaje experiencial que combina la cognici\u00f3n con la emoci\u00f3n, permitiendo al participante comprender e integrar contextos complejos y din\u00e1micos.<\/h2>\n<h2 style=\"text-align: center; color: rgb(77, 185, 231) !important; --tcb-applied-color:rgb(77, 185, 231)  !important;\"><strong>\u00bfQu\u00e9 dicen <\/strong>sobre Training Games<strong>?<\/strong><\/h2>\n<p style=\"\">\u275d<\/p>\n<p><span style=\"\"><img decoding=\"async\" alt=\"\" data-id=\"4642\" title=\"logo-danone\" src=\"https:\/\/traininggames.com\/wp-content\/uploads\/2023\/01\/logo-danone-2.webp?x54025&amp;x54025&amp;x54025&amp;x64387&amp;x16528\" data-src=\"https:\/\/traininggames.com\/wp-content\/uploads\/2023\/01\/logo-danone-2.webp?x54025&amp;x54025&amp;x54025&amp;x64387&amp;x16528\" style=\"aspect-ratio: auto 195 \/ 120;\" mt-d=\"-2.956699999999998\" data-width=\"132\" data-height=\"81\" data-init-width=\"195\" data-init-height=\"120\" loading=\"lazy\" width=\"132\" height=\"81\"><\/span><\/p>\n<p style=\"text-align: center;\"><span style=\"\">Es una manera l\u00fadica e interactiva de manejar de manera concreta un conjunto de conceptos de gesti\u00f3n que recomiendo a todas las empresas que buscan la involucraci\u00f3n y alineaci\u00f3n de sus empleados clave. Ayuda a una mayor orientaci\u00f3n a resultados y a un entendimiento m\u00e1s completo de las principales variables de una cuenta de resultados.<\/span><\/p>\n<p style=\"\">Jerome Boesch<\/p>\n<p style=\"\">General Manager DANONE Spain<\/p>\n<p style=\"\">\u275d<\/p>\n<p><span style=\"\"><img decoding=\"async\" alt=\"\" data-id=\"6369\" title=\"logo-angelini\" src=\"https:\/\/traininggames.com\/wp-content\/uploads\/2023\/01\/logo-angelini-1.webp?x54025&amp;x54025&amp;x54025&amp;x64387&amp;x16528\" data-src=\"https:\/\/traininggames.com\/wp-content\/uploads\/2023\/01\/logo-angelini-1.webp?x54025&amp;x54025&amp;x54025&amp;x64387&amp;x16528\" style=\"aspect-ratio: auto 195 \/ 120;\" mt-d=\"0\" data-width=\"156\" data-height=\"96\" data-init-width=\"195\" data-init-height=\"120\" loading=\"lazy\" ml-d=\"-11.869\" width=\"156\" height=\"96\"><\/span><\/p>\n<p style=\"text-align: center;\">Aprender a dominar mi liderazgo natural para adaptarlo a un buen trabajo en equipo fue otra buena pr\u00e1ctica.En conjunto una experiencia intensa y muy recomendable para personas que quieran aprender con metodolog\u00edas diferentes.<\/p>\n<p style=\"\">Jordi Ballest\u00e9<\/p>\n<p style=\"\">Chief Executive Officer &#8211; Angelini Group<\/p>\n<p style=\"\">\u275d<\/p>\n<p><span style=\"\"><img decoding=\"async\" alt=\"\" data-id=\"6370\" title=\"logo-santander\" src=\"https:\/\/traininggames.com\/wp-content\/uploads\/2023\/01\/logo-santander-1.webp?x54025&amp;x54025&amp;x54025&amp;x64387&amp;x16528\" data-src=\"https:\/\/traininggames.com\/wp-content\/uploads\/2023\/01\/logo-santander-1.webp?x54025&amp;x54025&amp;x54025&amp;x64387&amp;x16528\" style=\"aspect-ratio: auto 195 \/ 120;\" mt-d=\"-2.8714000000000084\" data-width=\"181\" data-height=\"111\" data-init-width=\"195\" data-init-height=\"120\" loading=\"lazy\" ml-d=\"0\" width=\"181\" height=\"111\"><\/span><\/p>\n<p style=\"text-align: center;\">La experiencia result\u00f3 a la vez, gratificante y exitosa, ya que se conjugaron aspectos l\u00fadicos (juegos y simuladores) y operativos (proyectos espec\u00edficos de trabajo) que dieron satisfacci\u00f3n a los objetivos, tanto de cohesi\u00f3n como de eficiencia, respectivamente.<\/p>\n<p style=\"\">Ricardo Alonso<\/p>\n<p>D.Corporate Banking Global -Santander<\/p>\n","protected":false},"excerpt":{"rendered":"<p>Sobre Training Games Formaci\u00f3n gamificada para objetivos corporativos. Desde 1995 nos hemos centrado en el desarrollo de los equipos y [&hellip;]<\/p>\n","protected":false},"author":1,"featured_media":0,"parent":0,"menu_order":0,"comment_status":"closed","ping_status":"closed","template":"","meta":{"site-sidebar-layout":"no-sidebar","site-content-layout":"page-builder","ast-site-content-layout":"full-width-container","site-content-style":"unboxed","site-sidebar-style":"unboxed","ast-global-header-display":"","ast-banner-title-visibility":"","ast-main-header-display":"","ast-hfb-above-header-display":"","ast-hfb-below-header-display":"","ast-hfb-mobile-header-display":"","site-post-title":"disabled","ast-breadcrumbs-content":"","ast-featured-img":"","footer-sml-layout":"","ast-disable-related-posts":"","theme-transparent-header-meta":"default","adv-header-id-meta":"","stick-header-meta":"","header-above-stick-meta":"","header-main-stick-meta":"","header-below-stick-meta":"","astra-migrate-meta-layouts":"set","ast-page-background-enabled":"default","ast-page-background-meta":{"desktop":{"background-color":"var(--ast-global-color-4)","background-image":"","background-repeat":"repeat","background-position":"center center","background-size":"auto","background-attachment":"scroll","background-type":"","background-media":"","overlay-type":"","overlay-color":"","overlay-opacity":"","overlay-gradient":""},"tablet":{"background-color":"","background-image":"","background-repeat":"repeat","background-position":"center center","background-size":"auto","background-attachment":"scroll","background-type":"","background-media":"","overlay-type":"","overlay-color":"","overlay-opacity":"","overlay-gradient":""},"mobile":{"background-color":"","background-image":"","background-repeat":"repeat","background-position":"center center","background-size":"auto","background-attachment":"scroll","background-type":"","background-media":"","overlay-type":"","overlay-color":"","overlay-opacity":"","overlay-gradient":""}},"ast-content-background-meta":{"desktop":{"background-color":"var(--ast-global-color-5)","background-image":"","background-repeat":"repeat","background-position":"center center","background-size":"auto","background-attachment":"scroll","background-type":"","background-media":"","overlay-type":"","overlay-color":"","overlay-opacity":"","overlay-gradient":""},"tablet":{"background-color":"var(--ast-global-color-5)","background-image":"","background-repeat":"repeat","background-position":"center center","background-size":"auto","background-attachment":"scroll","background-type":"","background-media":"","overlay-type":"","overlay-color":"","overlay-opacity":"","overlay-gradient":""},"mobile":{"background-color":"var(--ast-global-color-5)","background-image":"","background-repeat":"repeat","background-position":"center center","background-size":"auto","background-attachment":"scroll","background-type":"","background-media":"","overlay-type":"","overlay-color":"","overlay-opacity":"","overlay-gradient":""}},"footnotes":""},"class_list":["post-6164","page","type-page","status-publish","hentry"],"_links":{"self":[{"href":"https:\/\/traininggames.com\/es\/wp-json\/wp\/v2\/pages\/6164","targetHints":{"allow":["GET"]}}],"collection":[{"href":"https:\/\/traininggames.com\/es\/wp-json\/wp\/v2\/pages"}],"about":[{"href":"https:\/\/traininggames.com\/es\/wp-json\/wp\/v2\/types\/page"}],"author":[{"embeddable":true,"href":"https:\/\/traininggames.com\/es\/wp-json\/wp\/v2\/users\/1"}],"replies":[{"embeddable":true,"href":"https:\/\/traininggames.com\/es\/wp-json\/wp\/v2\/comments?post=6164"}],"version-history":[{"count":0,"href":"https:\/\/traininggames.com\/es\/wp-json\/wp\/v2\/pages\/6164\/revisions"}],"wp:attachment":[{"href":"https:\/\/traininggames.com\/es\/wp-json\/wp\/v2\/media?parent=6164"}],"curies":[{"name":"wp","href":"https:\/\/api.w.org\/{rel}","templated":true}]}}