{"id":6154,"date":"2023-01-17T15:37:34","date_gmt":"2023-01-17T14:37:34","guid":{"rendered":"https:\/\/traininggames.com\/coaching\/"},"modified":"2023-11-30T12:08:31","modified_gmt":"2023-11-30T11:08:31","slug":"desarrollo-personal","status":"publish","type":"page","link":"https:\/\/traininggames.com\/es\/desarrollo-personal\/","title":{"rendered":"Desarrollo personal"},"content":{"rendered":"<h2 style=\"text-align: center;\">DESARROLLO PERSONAL<\/h2>\n<h2 style=\"text-align: center;\"><span style=\"\">Los equipos son personas con sus caracter\u00edsticas y peculiaridades. Al desarrollar a la persona, se obtienen verdaderos \u00abjugadores de equipo\u00bb.<\/span><\/h2>\n<h2 style=\"text-align: center;\"><strong>Autodescubrimiento<\/strong><\/h2>\n<p style=\"text-align: center;\"><span style=\"\"><span style=\"\">\u00bfQui\u00e9n soy?<\/span><\/span><\/p>\n<p style=\"text-align: center; color: var(--tcb-color-2)  !important; --tcb-applied-color:var$(--tcb-color-2)  !important;\">Conocer mi perfil de liderazgo y su relaci\u00f3n con mi car\u00e1cter. Aceptar los pros y los contras y hacer h\u00e1bitos de buenas pr\u00e1cticas que ampl\u00eden mis l\u00edmites.<\/p>\n<h2 style=\"text-align: center;\"><strong>Autodesarrollo<\/strong><\/h2>\n<p style=\"text-align: center;\"><span style=\"\"><span style=\"\"><strong>\u00bfPor qu\u00e9 soy as\u00ed?<\/strong><\/span><\/span><\/p>\n<p style=\"text-align: center; color: var(--tcb-color-2)  !important; --tcb-applied-color:var$(--tcb-color-2)  !important;\">Aprende a emular los comportamientos funcionales de las cuatro habilidades de liderazgo que han demostrado su eficacia en situaciones cambiantes.<\/p>\n<h2 style=\"text-align: center;\"><strong>Autogesti\u00f3n<\/strong><\/h2>\n<p style=\"text-align: center;\"><span style=\"\"><span style=\"\"><strong>\u00bfC\u00f3mo quiero ser?<\/strong><\/span><\/span><\/p>\n<p style=\"text-align: center; color: var(--tcb-color-2)  !important; --tcb-applied-color:var$(--tcb-color-2)  !important;\">Los l\u00edderes efectivos ponen su energ\u00eda en lo que les motiva y, paralelamente, compensan sus l\u00edmites complement\u00e1ndose.<\/p>\n<p><span style=\"\"><img decoding=\"async\" alt=\"desarrollo personal\" data-id=\"4608\" data-init-width=\"400\" data-init-height=\"400\" title=\"desarrollo personal\" src=\"https:\/\/traininggames.com\/wp-content\/uploads\/2023\/01\/coaching-leadership-styles.webp?x16528\" data-src=\"https:\/\/traininggames.com\/wp-content\/uploads\/2023\/01\/coaching-leadership-styles.webp?x16528\" data-width=\"490\" data-height=\"490\" style=\"aspect-ratio: auto 400 \/ 400;\" ml-d=\"0\" mt-d=\"-3.438200000000002\" loading=\"lazy\" ml-t=\"0\" center-h-t=\"false\" width=\"490\" height=\"490\"><\/span><\/p>\n<h2 style=\"text-align: left;\">Estilos de liderazgo<\/h2>\n<p style=\"text-align: left; color: var(--tcb-color-2)  !important; --tcb-applied-color:var$(--tcb-color-2)  !important;\"><span style=\"\">Las investigaciones revelan que el 75% de los l\u00edderes tienen cuatro l\u00f3gicas de acci\u00f3n en la forma en que interpretan y reaccionan al entorno, enfocadas en oportunidades, personas, objetivos y experiencia.Aprenderemos a emular diferentes estilos de liderazgo seg\u00fan los contextos empresariales, basados en la intuici\u00f3n (visi\u00f3n), las conexiones (social), el pragmatismo (efectivo) y el conocimiento (experto)..<\/span><\/p>\n<p><span style=\"\"><img decoding=\"async\" alt=\"programa de desarrollo personal\" data-id=\"4610\" data-init-width=\"400\" data-init-height=\"400\" title=\"programa de desarrollo personal\" src=\"https:\/\/traininggames.com\/wp-content\/uploads\/2023\/01\/coaching-programme.webp?x16528\" data-src=\"https:\/\/traininggames.com\/wp-content\/uploads\/2023\/01\/coaching-programme.webp?x16528\" data-width=\"490\" data-height=\"490\" style=\"aspect-ratio: auto 400 \/ 400;\" ml-d=\"0\" mt-d=\"-3.438200000000002\" loading=\"lazy\" ml-t=\"-150\" mt-t=\"0\" width=\"490\" height=\"490\"><\/span><\/p>\n<h2 style=\"text-align: left;\">El&nbsp; Programa<\/h2>\n<p style=\"text-align: left; color: var(--tcb-color-2)  !important; --tcb-applied-color:var$(--tcb-color-2)  !important;\"><span style=\"\">Durante tres meses, la persona toma plena conciencia de su personalidad y su impacto en su interpretaci\u00f3n de la realidad, decisiones y reacciones. Aprenden a reconocer, aceptar y gestionar sus limitaciones. El objetivo final es complementar al equipo para llegar m\u00e1s all\u00e1 de los l\u00edmites.Utilizamos t\u00e9cnicas como el coaching y la formaci\u00f3n para ayudar a la experiencia, pero lo m\u00e1s importante es que la persona se comprometa en su desarrollo. Y cuando eso sucede, el impacto del programa es extraordinario.<\/span><\/p>\n<p style=\"text-align: center;\">\n<h2 style=\"text-align: center;\"><strong><span style=\"--tcb-applied-color: rgb(75, 187, 231)  !important; color: rgb(75, 187, 231);\">Business Cases<\/span><\/strong><span style=\"--tcb-applied-color: rgb(75, 187, 231)  !important; color: rgb(75, 187, 231);\"><\/span><\/h2>\n<p style=\"text-align: center;\"><span>Un programa ambicioso e intenso con un profundo impacto personal.<\/span><\/p>\n<p><span style=\"width: 100%;\"><img decoding=\"async\" alt=\"\" title=\"logo-ree\" data-id=\"4682\" src=\"https:\/\/traininggames.com\/wp-content\/uploads\/2023\/01\/logo-ree-2.webp?x16528\" data-src=\"https:\/\/traininggames.com\/wp-content\/uploads\/2023\/01\/logo-ree-2.webp?x16528\" style=\"aspect-ratio: auto 195 \/ 120;\" data-width=\"150\" data-init-width=\"195\" data-init-height=\"120\" loading=\"lazy\" width=\"150\" height=\"120\"><\/span><\/p>\n<p style=\"text-align: center; color: var(--tcb-color-2)  !important; --tcb-applied-color:var$(--tcb-color-2)  !important;\">Red El\u00e9ctrica de Espa\u00f1a fue la pionera del programa. Nuestro modelo de base sobre el desarrollo de la confianza influy\u00f3 positivamente su desarrollo futuro.<\/p>\n<p><span style=\"width: 100%;\"><img decoding=\"async\" alt=\"\" title=\"logo-abertis\" data-id=\"4620\" src=\"https:\/\/traininggames.com\/wp-content\/uploads\/2023\/01\/logo-abertis-2.webp?x16528\" data-src=\"https:\/\/traininggames.com\/wp-content\/uploads\/2023\/01\/logo-abertis-2.webp?x16528\" style=\"aspect-ratio: auto 195 \/ 120;\" data-width=\"150\" data-init-width=\"195\" data-init-height=\"120\" loading=\"lazy\" width=\"150\" height=\"120\"><\/span><\/p>\n<p style=\"text-align: center; color: var(--tcb-color-2)  !important; --tcb-applied-color:var$(--tcb-color-2)  !important;\">Abertis es una compa\u00f1\u00eda con un alto peso de perfil de ingenier\u00eda en sus directivos. El enfoque racional y la orientaci\u00f3n a la tarea se ajustan perfectamente a su perfil altamente t\u00e9cnico.<\/p>\n","protected":false},"excerpt":{"rendered":"<p>DESARROLLO PERSONAL Los equipos son personas con sus caracter\u00edsticas y peculiaridades. Al desarrollar a la persona, se obtienen verdaderos \u00abjugadores [&hellip;]<\/p>\n","protected":false},"author":1,"featured_media":0,"parent":0,"menu_order":0,"comment_status":"closed","ping_status":"closed","template":"","meta":{"site-sidebar-layout":"no-sidebar","site-content-layout":"page-builder","ast-site-content-layout":"default","site-content-style":"default","site-sidebar-style":"default","ast-global-header-display":"","ast-banner-title-visibility":"","ast-main-header-display":"","ast-hfb-above-header-display":"","ast-hfb-below-header-display":"","ast-hfb-mobile-header-display":"","site-post-title":"disabled","ast-breadcrumbs-content":"","ast-featured-img":"","footer-sml-layout":"","ast-disable-related-posts":"","theme-transparent-header-meta":"default","adv-header-id-meta":"","stick-header-meta":"","header-above-stick-meta":"","header-main-stick-meta":"","header-below-stick-meta":"","astra-migrate-meta-layouts":"default","ast-page-background-enabled":"default","ast-page-background-meta":{"desktop":{"background-color":"var(--ast-global-color-4)","background-image":"","background-repeat":"repeat","background-position":"center center","background-size":"auto","background-attachment":"scroll","background-type":"","background-media":"","overlay-type":"","overlay-color":"","overlay-opacity":"","overlay-gradient":""},"tablet":{"background-color":"","background-image":"","background-repeat":"repeat","background-position":"center center","background-size":"auto","background-attachment":"scroll","background-type":"","background-media":"","overlay-type":"","overlay-color":"","overlay-opacity":"","overlay-gradient":""},"mobile":{"background-color":"","background-image":"","background-repeat":"repeat","background-position":"center center","background-size":"auto","background-attachment":"scroll","background-type":"","background-media":"","overlay-type":"","overlay-color":"","overlay-opacity":"","overlay-gradient":""}},"ast-content-background-meta":{"desktop":{"background-color":"var(--ast-global-color-5)","background-image":"","background-repeat":"repeat","background-position":"center center","background-size":"auto","background-attachment":"scroll","background-type":"","background-media":"","overlay-type":"","overlay-color":"","overlay-opacity":"","overlay-gradient":""},"tablet":{"background-color":"var(--ast-global-color-5)","background-image":"","background-repeat":"repeat","background-position":"center center","background-size":"auto","background-attachment":"scroll","background-type":"","background-media":"","overlay-type":"","overlay-color":"","overlay-opacity":"","overlay-gradient":""},"mobile":{"background-color":"var(--ast-global-color-5)","background-image":"","background-repeat":"repeat","background-position":"center center","background-size":"auto","background-attachment":"scroll","background-type":"","background-media":"","overlay-type":"","overlay-color":"","overlay-opacity":"","overlay-gradient":""}},"footnotes":""},"class_list":["post-6154","page","type-page","status-publish","hentry"],"_links":{"self":[{"href":"https:\/\/traininggames.com\/es\/wp-json\/wp\/v2\/pages\/6154","targetHints":{"allow":["GET"]}}],"collection":[{"href":"https:\/\/traininggames.com\/es\/wp-json\/wp\/v2\/pages"}],"about":[{"href":"https:\/\/traininggames.com\/es\/wp-json\/wp\/v2\/types\/page"}],"author":[{"embeddable":true,"href":"https:\/\/traininggames.com\/es\/wp-json\/wp\/v2\/users\/1"}],"replies":[{"embeddable":true,"href":"https:\/\/traininggames.com\/es\/wp-json\/wp\/v2\/comments?post=6154"}],"version-history":[{"count":0,"href":"https:\/\/traininggames.com\/es\/wp-json\/wp\/v2\/pages\/6154\/revisions"}],"wp:attachment":[{"href":"https:\/\/traininggames.com\/es\/wp-json\/wp\/v2\/media?parent=6154"}],"curies":[{"name":"wp","href":"https:\/\/api.w.org\/{rel}","templated":true}]}}