{"id":6151,"date":"2023-01-17T15:39:09","date_gmt":"2023-01-17T14:39:09","guid":{"rendered":"https:\/\/traininggames.com\/consulting\/"},"modified":"2023-11-30T16:10:44","modified_gmt":"2023-11-30T15:10:44","slug":"talleres-de-desarrollo","status":"publish","type":"page","link":"https:\/\/traininggames.com\/es\/talleres-de-desarrollo\/","title":{"rendered":"Talleres de desarrollo"},"content":{"rendered":"<h2 style=\"text-align: center;\">TALLERES DE DESARROLLO<\/h2>\n<h2 style=\"text-align: center;\"><span style=\"\">Nadie se compromete con algo que no comparte, que se le impone o en cuya soluci\u00f3n no cree.<\/span><\/h2>\n<h2 style=\"text-align: center;\"><strong>Diagn\u00f3stico compartido<\/strong><\/h2>\n<p style=\"text-align: center;\"><span style=\"\"><span style=\"\">Identificaci\u00f3n de mejoras<\/span><\/span><\/p>\n<p style=\"text-align: center; color: var(--tcb-color-2)  !important; --tcb-applied-color:var$(--tcb-color-2)  !important;\">Al participar en el diagn\u00f3stico, las personas adoptan la estrategia y la empresa reconoce su contribuci\u00f3n<\/p>\n<h2 style=\"text-align: center;\"><strong>Generaci\u00f3n de ideas<\/strong><\/h2>\n<p style=\"text-align: center;\"><span style=\"\"><span style=\"\">Participaci\u00f3n y reconocimiento<\/span><\/span><\/p>\n<p style=\"text-align: center; color: var(--tcb-color-2)  !important; --tcb-applied-color:var$(--tcb-color-2)  !important;\">Siempre son las personas quienes mejor conocen la empresa. Involucrar y comprometer el talento les motivar\u00e1 a rendir al m\u00e1ximo, maximizando los resultados.<\/p>\n<h2 style=\"text-align: center;\"><strong>Implementaci\u00f3n distribuida<\/strong><\/h2>\n<p style=\"text-align: center;\"><span style=\"\"><span style=\"\">Patrocinio de una soluci\u00f3n acordada.<\/span><\/span><\/p>\n<p style=\"text-align: center;\">Finalmente, las estructuras descentralizadas facilitar\u00e1n un espacio de trabajo basado en la colaboraci\u00f3n, permitiendo que las personas se coordinen y sean \u00e1giles.<\/p>\n<p><span style=\"\"><img decoding=\"async\" alt=\"dilemas del cambio\" data-id=\"6077\" data-init-width=\"400\" data-init-height=\"400\" title=\"dilemas del cambio\" src=\"https:\/\/traininggames.com\/wp-content\/uploads\/2023\/01\/consulting-dilemmas-of-change.webp?x98005&amp;x98005\" data-src=\"https:\/\/traininggames.com\/wp-content\/uploads\/2023\/01\/consulting-dilemmas-of-change.webp?x98005&amp;x98005\" data-width=\"490\" data-height=\"490\" style=\"aspect-ratio: auto 400 \/ 400;\" ml-d=\"0\" mt-d=\"0\" loading=\"lazy\" ml-t=\"-136\" center-h-t=\"false\" width=\"490\" height=\"490\"><\/span><\/p>\n<h2 style=\"text-align: left;\">Dilemas del Cambio<\/h2>\n<p style=\"text-align: left;\"><span style=\"\"><span style=\"\">Las mismas personas, actuamos diferente seg\u00fan el contexto.<\/span><\/span><\/p>\n<p style=\"text-align: left; color: var(--tcb-color-2)  !important; --tcb-applied-color:var$(--tcb-color-2)  !important;\"><span style=\"\">A partir del an\u00e1lisis del perfil cultural de la empresa, el equipo propone nuevas formas de trabajo que integran a los miembros en torno a un proyecto com\u00fan, generando confianza y compromiso.<\/span><\/p>\n<p><span style=\"\"><img decoding=\"async\" alt=\"cohesi\u00f3n de equipos\" data-id=\"6079\" data-init-width=\"400\" data-init-height=\"400\" title=\"cohesi\u00f3n de equipos\" src=\"https:\/\/traininggames.com\/wp-content\/uploads\/2023\/01\/consulting-key-structural-elements.webp?x98005&amp;x98005\" data-src=\"https:\/\/traininggames.com\/wp-content\/uploads\/2023\/01\/consulting-key-structural-elements.webp?x98005&amp;x98005\" data-width=\"490\" data-height=\"490\" style=\"aspect-ratio: auto 400 \/ 400;\" ml-d=\"0\" mt-d=\"-1\" loading=\"lazy\" ml-t=\"0\" center-h-t=\"false\" mt-m=\"-2\" center-v-m=\"false\" center-v-d=\"false\" mt-t=\"-2\" center-v-t=\"false\" width=\"490\" height=\"490\"><\/span><\/p>\n<h2 style=\"text-align: left;\">Key Structural Elements<\/h2>\n<p style=\"text-align: left;\"><span style=\"\"><span style=\"\">Cambiar las relaciones del equipo directivo<\/span><\/span><\/p>\n<p style=\"text-align: left;\"><span style=\"\">Al cambiar las relaciones laborales, identificaremos nuevas formas de hacer las cosas para generar confianza y compromiso en torno a un proyecto com\u00fan.<\/span><\/p>\n<p><span style=\"\"><img decoding=\"async\" alt=\"inteligencia colectiva\" data-id=\"6081\" data-init-width=\"400\" data-init-height=\"400\" title=\"inteligencia colectiva\" src=\"https:\/\/traininggames.com\/wp-content\/uploads\/2023\/01\/consulting-collective-intelligence.webp?x98005&amp;x98005\" data-src=\"https:\/\/traininggames.com\/wp-content\/uploads\/2023\/01\/consulting-collective-intelligence.webp?x98005&amp;x98005\" data-width=\"490\" data-height=\"490\" style=\"aspect-ratio: auto 400 \/ 400;\" ml-d=\"0\" mt-d=\"-3.438200000000002\" loading=\"lazy\" ml-t=\"-107\" center-h-t=\"false\" width=\"490\" height=\"490\"><\/span><\/p>\n<h2 style=\"text-align: left;\">Inteligencia colectiva<\/h2>\n<p style=\"text-align: left;\"><span style=\"\"><span style=\"\">Somos m\u00e1s sabios juntos que solos.<\/span><\/span><\/p>\n<p style=\"text-align: left; color: var(--tcb-color-2)  !important; --tcb-applied-color:var$(--tcb-color-2)  !important;\"><span style=\"\">Compartir conocimiento y crear valor a trav\u00e9s de aportes colectivos.<\/span><\/p>\n<p><span style=\"\"><img decoding=\"async\" alt=\"cono de equilibrio\" data-id=\"6083\" data-init-width=\"400\" data-init-height=\"400\" title=\"cono de equilibrio\" src=\"https:\/\/traininggames.com\/wp-content\/uploads\/2023\/01\/consulting-balance.webp?x98005&amp;x98005\" data-src=\"https:\/\/traininggames.com\/wp-content\/uploads\/2023\/01\/consulting-balance.webp?x98005&amp;x98005\" data-width=\"490\" data-height=\"490\" style=\"aspect-ratio: auto 400 \/ 400;\" ml-d=\"0\" mt-d=\"-3.438200000000002\" loading=\"lazy\" ml-t=\"-89\" center-h-t=\"true\" ml-m=\"-90\" width=\"490\" height=\"490\"><\/span><\/p>\n<h2 style=\"text-align: left;\">El cono de equilibrio<\/h2>\n<p style=\"text-align: left;\"><span style=\"\"><span style=\"\">El justo equilibrio entre cohesi\u00f3n y eficiencia.<\/span><\/span><\/p>\n<p style=\"text-align: left; color: var(--tcb-color-2)  !important; --tcb-applied-color:var$(--tcb-color-2)  !important;\"><span style=\"\">Analizar las dimensiones de orientaci\u00f3n a resultados y orientaci\u00f3n a la relaci\u00f3n nos proporciona una valiosa informaci\u00f3n previa que el equipo utiliza para proponer cambios.<\/span><\/p>\n<p style=\"text-align: center;\">\n<h2 style=\"text-align: center;\"><strong><span style=\"--tcb-applied-color: rgb(75, 187, 231)  !important; color: rgb(75, 187, 231);\">Business Cases<\/span><\/strong><span style=\"--tcb-applied-color: rgb(75, 187, 231)  !important; color: rgb(75, 187, 231);\"><\/span><\/h2>\n<p style=\"text-align: center;\"><span><\/span><span>Nuestro programa m\u00e1s ambicioso en t\u00e9rminos de impacto organizacional.<\/span><\/p>\n<p><span style=\"width: 100%;\"><img decoding=\"async\" alt=\"\" title=\"logo-abertis\" data-id=\"4620\" src=\"https:\/\/traininggames.com\/wp-content\/uploads\/2023\/01\/logo-abertis-1.webp?x98005&amp;x98005\" data-src=\"https:\/\/traininggames.com\/wp-content\/uploads\/2023\/01\/logo-abertis-1.webp?x98005&amp;x98005\" style=\"aspect-ratio: auto 195 \/ 120;\" data-width=\"150\" data-init-width=\"195\" data-init-height=\"120\" loading=\"lazy\" width=\"150\" height=\"120\"><\/span><\/p>\n<h3 style=\"text-align: center; color: rgb(75, 187, 231) !important; --tcb-applied-color: rgb(75, 187, 231)  !important; font-size: 20px !important;\">Inteligencia Colectiva<\/h3>\n<p style=\"text-align: center; color: var(--tcb-color-2)  !important; --tcb-applied-color:var$(--tcb-color-2)  !important;\">Participaci\u00f3n en el Abertis Annual Global Gathering, con 145 directivos trabajando en ocho temas para identificar los retos de futuro en las distintas unidades de negocio.<\/p>\n<p><span style=\"width: 100%;\"><img decoding=\"async\" alt=\"\" title=\"logo-caixa-d-enginyers\" data-id=\"4636\" src=\"https:\/\/traininggames.com\/wp-content\/uploads\/2023\/01\/logo-caixa-d-enginyers-1.webp?x98005&amp;x98005\" data-src=\"https:\/\/traininggames.com\/wp-content\/uploads\/2023\/01\/logo-caixa-d-enginyers-1.webp?x98005&amp;x98005\" style=\"aspect-ratio: auto 195 \/ 120;\" mt-m=\"-3.8024000000000004\" data-width=\"150\" data-init-width=\"195\" data-init-height=\"120\" loading=\"lazy\" width=\"150\" height=\"120\"><\/span><\/p>\n<h3 style=\"text-align: center; color: rgb(75, 187, 231) !important; --tcb-applied-color: rgb(75, 187, 231)  !important; font-size: 20px !important;\">Key Structural Elements<\/h3>\n<p style=\"text-align: center; color: var(--tcb-color-2)  !important; --tcb-applied-color:var$(--tcb-color-2)  !important;\">El comit\u00e9 de direcci\u00f3n de Caixa d&#8217;Enginyers desarrolla nuevas sistem\u00e1ticas de trabajo para mejorar la eficiencia y la cohesi\u00f3n.<\/p>\n<p><span style=\"width: 100%;\"><img decoding=\"async\" alt=\"\" title=\"logo-lafargeholcim\" data-id=\"4662\" src=\"https:\/\/traininggames.com\/wp-content\/uploads\/2023\/01\/logo-lafargeholcim-1.webp?x98005&amp;x98005\" data-src=\"https:\/\/traininggames.com\/wp-content\/uploads\/2023\/01\/logo-lafargeholcim-1.webp?x98005&amp;x98005\" style=\"aspect-ratio: auto 195 \/ 120;\" data-width=\"150\" data-init-width=\"195\" data-init-height=\"120\" loading=\"lazy\" width=\"150\" height=\"120\"><\/span><\/p>\n<h3 style=\"text-align: center; color: rgb(75, 187, 231) !important; --tcb-applied-color: rgb(75, 187, 231)  !important; font-size: 20px !important;\">Dilemmas of change<\/h3>\n<p style=\"text-align: center; color: var(--tcb-color-2)  !important; --tcb-applied-color:var$(--tcb-color-2)  !important;\">El equipo directivo de la f\u00e1brica principal de LafargeHolcim identifica las causas de la falta de coordinaci\u00f3n y propone soluciones al mismo tiempo que mejora el reconocimiento.<\/p>\n<h2 style=\"text-align: center;\"><strong>\u00bfListo para empezar?<\/strong><\/h2>\n<p style=\"\">Prueba nuestras din\u00e1micas de <strong>cohesi\u00f3n de equipos <\/strong>para lograr tus objetivos corporativos. \u00a1Ponte en contacto con nosotros!<\/p>\n","protected":false},"excerpt":{"rendered":"<p>TALLERES DE DESARROLLO Nadie se compromete con algo que no comparte, que se le impone o en cuya soluci\u00f3n no [&hellip;]<\/p>\n","protected":false},"author":1,"featured_media":0,"parent":0,"menu_order":0,"comment_status":"closed","ping_status":"closed","template":"","meta":{"site-sidebar-layout":"no-sidebar","site-content-layout":"page-builder","ast-site-content-layout":"default","site-content-style":"default","site-sidebar-style":"default","ast-global-header-display":"","ast-banner-title-visibility":"","ast-main-header-display":"","ast-hfb-above-header-display":"","ast-hfb-below-header-display":"","ast-hfb-mobile-header-display":"","site-post-title":"disabled","ast-breadcrumbs-content":"","ast-featured-img":"","footer-sml-layout":"","ast-disable-related-posts":"","theme-transparent-header-meta":"default","adv-header-id-meta":"","stick-header-meta":"","header-above-stick-meta":"","header-main-stick-meta":"","header-below-stick-meta":"","astra-migrate-meta-layouts":"default","ast-page-background-enabled":"default","ast-page-background-meta":{"desktop":{"background-color":"var(--ast-global-color-4)","background-image":"","background-repeat":"repeat","background-position":"center center","background-size":"auto","background-attachment":"scroll","background-type":"","background-media":"","overlay-type":"","overlay-color":"","overlay-opacity":"","overlay-gradient":""},"tablet":{"background-color":"","background-image":"","background-repeat":"repeat","background-position":"center center","background-size":"auto","background-attachment":"scroll","background-type":"","background-media":"","overlay-type":"","overlay-color":"","overlay-opacity":"","overlay-gradient":""},"mobile":{"background-color":"","background-image":"","background-repeat":"repeat","background-position":"center center","background-size":"auto","background-attachment":"scroll","background-type":"","background-media":"","overlay-type":"","overlay-color":"","overlay-opacity":"","overlay-gradient":""}},"ast-content-background-meta":{"desktop":{"background-color":"var(--ast-global-color-5)","background-image":"","background-repeat":"repeat","background-position":"center center","background-size":"auto","background-attachment":"scroll","background-type":"","background-media":"","overlay-type":"","overlay-color":"","overlay-opacity":"","overlay-gradient":""},"tablet":{"background-color":"var(--ast-global-color-5)","background-image":"","background-repeat":"repeat","background-position":"center center","background-size":"auto","background-attachment":"scroll","background-type":"","background-media":"","overlay-type":"","overlay-color":"","overlay-opacity":"","overlay-gradient":""},"mobile":{"background-color":"var(--ast-global-color-5)","background-image":"","background-repeat":"repeat","background-position":"center center","background-size":"auto","background-attachment":"scroll","background-type":"","background-media":"","overlay-type":"","overlay-color":"","overlay-opacity":"","overlay-gradient":""}},"footnotes":""},"class_list":["post-6151","page","type-page","status-publish","hentry"],"_links":{"self":[{"href":"https:\/\/traininggames.com\/es\/wp-json\/wp\/v2\/pages\/6151","targetHints":{"allow":["GET"]}}],"collection":[{"href":"https:\/\/traininggames.com\/es\/wp-json\/wp\/v2\/pages"}],"about":[{"href":"https:\/\/traininggames.com\/es\/wp-json\/wp\/v2\/types\/page"}],"author":[{"embeddable":true,"href":"https:\/\/traininggames.com\/es\/wp-json\/wp\/v2\/users\/1"}],"replies":[{"embeddable":true,"href":"https:\/\/traininggames.com\/es\/wp-json\/wp\/v2\/comments?post=6151"}],"version-history":[{"count":0,"href":"https:\/\/traininggames.com\/es\/wp-json\/wp\/v2\/pages\/6151\/revisions"}],"wp:attachment":[{"href":"https:\/\/traininggames.com\/es\/wp-json\/wp\/v2\/media?parent=6151"}],"curies":[{"name":"wp","href":"https:\/\/api.w.org\/{rel}","templated":true}]}}