{"id":6141,"date":"2023-01-17T15:33:43","date_gmt":"2023-01-17T14:33:43","guid":{"rendered":"https:\/\/traininggames.com\/f2f-simulations\/"},"modified":"2025-04-06T17:30:18","modified_gmt":"2025-04-06T15:30:18","slug":"simulaciones-presenciales","status":"publish","type":"page","link":"https:\/\/traininggames.com\/es\/simulaciones-presenciales\/","title":{"rendered":"Simulaciones presenciales"},"content":{"rendered":"<h2 style=\"text-align: center;\">SIMULACIONES PRESENCIALES<\/h2>\n<h2 style=\"text-align: center;\"><span style=\"\">Nuestras simulaciones presenciales aportan la m\u00e1xima capacidad de relaci\u00f3n y toda la intensidad de las interacciones cara a cara.<\/span><\/h2>\n<h2 style=\"text-align: left;\"><strong>Lazos emocionales<\/strong><\/h2>\n<p style=\"\"><strong><span style=\"letter-spacing: 1px;\">Crea oportunidades para que las personas se conecten a un nivel m\u00e1s profundo. Construye cohesi\u00f3n compartiendo emociones, experiencias y valores<\/span>.<\/strong><\/p>\n<p style=\"text-align: left;\"><span style=\"font-family: Raleway; font-weight: 400;\">Cuando las personas se sienten conectadas emocionalmente con los dem\u00e1s, es m\u00e1s probable que cooperen y trabajen juntas hacia un objetivo com\u00fan.<\/span><\/p>\n<h2 style=\"\"><strong>DESARROLLAMOS LA MOTIVACI\u00d3N, LA CONFIANZA Y EL COMPROMISO.<\/strong><\/h2>\n<h2 style=\"text-align: center; font-size: 25px !important;\"><strong><span style=\"\">\u200bDesarrollamos Simulaciones Empresariales Conductuales Serias (SBBS).<\/span><\/strong><\/h2>\n<p>\u200bSe denominan \u00ab<strong>serias<\/strong>\u00bb porque, a pesar de su contexto l\u00fadico, tienen un objetivo formativo.Se describen como \u00ab<strong>conductuales<\/strong>\u00bb porque la din\u00e1mica se centra en las interacciones, m\u00e1s que en el contenido o los procedimientos.Se denominan \u00ab<strong>empresariales<\/strong>\u00bb porque el contenido y la formaci\u00f3n est\u00e1n destinados al desarrollo profesional o empresarial.Se denominan \u00ab<strong>simulaciones<\/strong>\u00bb porque replican situaciones reales y procesos de toma de decisiones en un contexto equivalente, pero sin riesgos.<\/p>\n<h2 style=\"text-align: center;\"><strong>Cohesi\u00f3n<\/strong><\/h2>\n<p style=\"text-align: center;\"><span style=\"\">La cohesi\u00f3n siempre se da en torno a un proyecto com\u00fan.<\/span><\/p>\n<p style=\"text-align: center;\"><span style=\"font-family: Raleway; font-weight: 400;\">Una experiencia de tiempo limitado, con toda la atenci\u00f3n enfocada y el nivel de relaci\u00f3n que solo una actividad interactiva puede lograr.<\/span><\/p>\n<h2 style=\"text-align: center;\"><strong>Relaciones<\/strong><\/h2>\n<p style=\"text-align: center;\"><span style=\"\"><span style=\"\">Las interacciones intensas crean relaciones duraderas.<\/span><\/span><\/p>\n<p style=\"text-align: center; color: var(--tcb-color-2)  !important; --tcb-applied-color:var$(--tcb-color-2)  !important;\">La emoci\u00f3n de una din\u00e1mica de grupo, con una relaci\u00f3n m\u00e1s intensa y una comunicaci\u00f3n m\u00e1s rica, fluida y directa.<\/p>\n<h2 style=\"text-align: center;\"><strong>Compromiso<\/strong><\/h2>\n<p style=\"text-align: center;\"><span style=\"\"><span style=\"\">Nos comprometemos con aquello que compartimos.<\/span><\/span><\/p>\n<p style=\"text-align: center;\">El orgullo de pertenencia, el sentido de comunidad y la cultura empresarial que creamos juntos.<\/p>\n<p><span style=\"\"><img decoding=\"async\" alt=\"\" data-id=\"98\" data-init-width=\"400\" data-init-height=\"400\" title=\"sims-remote-cooplexity\" src=\"https:\/\/traininggames.com\/wp-content\/uploads\/2023\/01\/sims-remote-cooplexity.webp?x70140&amp;x62198&amp;x16528\" data-src=\"https:\/\/traininggames.com\/wp-content\/uploads\/2023\/01\/sims-remote-cooplexity.webp?x70140&amp;x62198&amp;x16528\" data-width=\"490\" data-height=\"490\" style=\"aspect-ratio: auto 400 \/ 400;\" ml-d=\"0\" mt-d=\"0\" loading=\"lazy\" mt-m=\"0\" ml-m=\"-31\" center-h-m=\"false\" width=\"490\" height=\"490\"><\/span><span><img decoding=\"async\" alt=\"logo-synergy\" data-id=\"6015\" data-init-width=\"250\" data-init-height=\"62\" title=\"logo-synergy\" src=\"https:\/\/traininggames.com\/wp-content\/uploads\/2023\/01\/logo-synergy.webp?x70140&amp;x62198&amp;x16528\" data-src=\"https:\/\/traininggames.com\/wp-content\/uploads\/2023\/01\/logo-synergy.webp?x70140&amp;x62198&amp;x16528\" data-width=\"155\" style=\"aspect-ratio: auto 250 \/ 62;\" loading=\"lazy\" width=\"155\" height=\"62\"><\/span><\/p>\n<h2 style=\"color: var(--tcb-color-0)  !important; --tcb-applied-color:var$(--tcb-color-0)  !important;\">Cohesi\u00f3n de equipos<\/h2>\n<p style=\"\"><span><span style=\"--tcb-applied-color: var$(--tcb-color-0)  !important; color: var(--tcb-color-0);\">Una actividad interactiva para equipos directivos, naturales y transversales con nuestra mejor simulaci\u00f3n empresarial para crear equipos de \u00e9xito a trav\u00e9s de la colaboraci\u00f3n. Colabora con otros departamentos compartiendo objetivos y prop\u00f3sito. La colaboraci\u00f3n, la coordinaci\u00f3n y el liderazgo compartido<\/span> <span style=\"--tcb-applied-color: var$(--tcb-color-0)  !important; color: var(--tcb-color-0);\">ser\u00e1n las claves del \u00e9xito.<\/span><\/span><\/p>\n<p><a href=\"https:\/\/traininggames.com\/es\/my-great-team\/\" style=\"outline: none;\"><strong>Para saber m\u00e1s&#8230;<\/strong><\/a><\/p>\n<p><span style=\"\"><img decoding=\"async\" alt=\"equipos de ventas\" data-id=\"6748\" data-init-width=\"400\" data-init-height=\"400\" title=\"equipos de ventas\" src=\"https:\/\/traininggames.com\/wp-content\/uploads\/2023\/01\/sims-classroom-sales.webp?x70140&amp;x62198&amp;x16528\" data-src=\"https:\/\/traininggames.com\/wp-content\/uploads\/2023\/01\/sims-classroom-sales.webp?x70140&amp;x62198&amp;x16528\" data-width=\"490\" data-height=\"490\" style=\"aspect-ratio: auto 400 \/ 400;\" ml-d=\"0\" mt-d=\"0\" loading=\"lazy\" mt-m=\"0\" ml-m=\"0\" center-h-m=\"false\" width=\"490\" height=\"490\"><\/span><span><img decoding=\"async\" alt=\"logo-salesmanship\" data-id=\"6016\" data-init-width=\"250\" data-init-height=\"331\" title=\"logo-salesmanship\" src=\"https:\/\/traininggames.com\/wp-content\/uploads\/2023\/01\/logo-salesmanship.webp?x70140&amp;x62198&amp;x16528\" data-src=\"https:\/\/traininggames.com\/wp-content\/uploads\/2023\/01\/logo-salesmanship.webp?x70140&amp;x62198&amp;x16528\" data-width=\"66\" style=\"aspect-ratio: auto 250 \/ 331;\" loading=\"lazy\" width=\"66\" height=\"331\"><\/span><\/p>\n<h2 style=\"\">Sales Teams<\/h2>\n<p style=\"\"><span style=\"\">Los vendedores B2B deben aprender a gestionar su cartera de clientes, gama de productos y actividades promocionales desde una doble perspectiva de volumen (masa cr\u00edtica) y margen.<\/span><\/p>\n<p><span style=\"\"><img decoding=\"async\" alt=\"equipos de banca\" data-id=\"6752\" data-init-width=\"400\" data-init-height=\"400\" title=\"equipos de banca\" src=\"https:\/\/traininggames.com\/wp-content\/uploads\/2023\/01\/sims-classroom-banking.webp?x70140&amp;x62198&amp;x16528\" data-src=\"https:\/\/traininggames.com\/wp-content\/uploads\/2023\/01\/sims-classroom-banking.webp?x70140&amp;x62198&amp;x16528\" data-width=\"490\" data-height=\"490\" style=\"aspect-ratio: auto 400 \/ 400;\" ml-d=\"0\" mt-d=\"0\" loading=\"lazy\" mt-m=\"0\" ml-m=\"-155.71700000000004\" width=\"490\" height=\"490\"><\/span><span><img decoding=\"async\" alt=\"logo-client-banking\" data-id=\"6017\" data-init-width=\"250\" data-init-height=\"64\" title=\"logo-client-banking\" src=\"https:\/\/traininggames.com\/wp-content\/uploads\/2023\/01\/logo-client-banking.webp?x70140&amp;x62198&amp;x16528\" data-src=\"https:\/\/traininggames.com\/wp-content\/uploads\/2023\/01\/logo-client-banking.webp?x70140&amp;x62198&amp;x16528\" data-width=\"155\" style=\"aspect-ratio: auto 250 \/ 64;\" loading=\"lazy\" width=\"155\" height=\"64\"><\/span><\/p>\n<h2 style=\"\">Teams in Banking<\/h2>\n<p style=\"\"><span style=\"\">Los responsables comerciales en banca deben gestionar la estrategia seg\u00fan el perfil del cliente, diferenciar los productos financieros, gestionar la informaci\u00f3n y fidelizar a los clientes.<\/span><\/p>\n<p style=\"text-align: center;\">\n<h2 style=\"text-align: center;\"><strong><span>Business Cases<\/span><\/strong><span><\/span><\/h2>\n<p style=\"text-align: center;\"><span><\/span><span>Todas nuestras simulaciones se dise\u00f1aron a medida para nuestros clientes.<\/span><\/p>\n<p><span style=\"width: 100%;\"><img decoding=\"async\" alt=\"logo-danone\" title=\"logo-danone\" data-id=\"4642\" src=\"https:\/\/traininggames.com\/wp-content\/uploads\/2023\/01\/logo-danone-1.webp?x70140&amp;x62198&amp;x16528\" data-src=\"https:\/\/traininggames.com\/wp-content\/uploads\/2023\/01\/logo-danone-1.webp?x70140&amp;x62198&amp;x16528\" style=\"aspect-ratio: auto 195 \/ 120;\" data-width=\"150\" data-init-width=\"195\" data-init-height=\"120\" loading=\"lazy\" width=\"150\" height=\"120\"><\/span><\/p>\n<h2 style=\"text-align: center; color: rgb(75, 187, 231) !important; --tcb-applied-color: rgb(75, 187, 231)  !important;\">Synergy<\/h2>\n<p style=\"text-align: center; color: var(--tcb-color-2)  !important; --tcb-applied-color:var$(--tcb-color-2)  !important;\">En 1995 Danone nos pidi\u00f3 que desarroll\u00e1ramos Synergy. Tres a\u00f1os despu\u00e9s, en 1998, m\u00e1s de 350 directivos de tres pa\u00edses asistieron a un programa corporativo para aumentar la comunicaci\u00f3n y el trabajo en equipo.Desde entonces, se convirti\u00f3 en una simulaci\u00f3n empresarial de primera clase.<\/p>\n<p style=\"text-align: center; color: var(--tcb-color-2)  !important; --tcb-applied-color:var$(--tcb-color-2)  !important;\">\u00a1Y ya estamos en la version 12!<\/p>\n<p><span style=\"width: 100%;\"><img decoding=\"async\" alt=\"logo-chefaro\" title=\"logo-chefaro\" data-id=\"4638\" src=\"https:\/\/traininggames.com\/wp-content\/uploads\/2023\/01\/logo-chefaro-1.webp?x70140&amp;x62198&amp;x16528\" data-src=\"https:\/\/traininggames.com\/wp-content\/uploads\/2023\/01\/logo-chefaro-1.webp?x70140&amp;x62198&amp;x16528\" style=\"aspect-ratio: auto 195 \/ 120;\" mt-m=\"-1\" data-width=\"150\" data-init-width=\"195\" data-init-height=\"120\" loading=\"lazy\" width=\"150\" height=\"120\"><\/span><\/p>\n<h2 style=\"text-align: center; color: rgb(75, 187, 231) !important; --tcb-applied-color: rgb(75, 187, 231)  !important;\">Salesmanship<\/h2>\n<p style=\"text-align: center; color: var(--tcb-color-2)  !important; --tcb-applied-color:var$(--tcb-color-2)  !important;\">Laboratorios Farmac\u00e9uticos Chefaro encarg\u00f3 un simulador de ventas para capacitar a toda su red de ventas. Este simulador evolucion\u00f3 al actual Salesmanship utilizado en empresas como Venilia, Ciba-Visi\u00f3n, Puleva y Sunny Delight (Orangina Schweppes), entre otras.<\/p>\n<p><span style=\"width: 100%;\"><img decoding=\"async\" alt=\"logo-caixabank\" title=\"logo-caixabank\" data-id=\"4634\" src=\"https:\/\/traininggames.com\/wp-content\/uploads\/2023\/01\/logo-caixabank-1.webp?x70140&amp;x62198&amp;x16528\" data-src=\"https:\/\/traininggames.com\/wp-content\/uploads\/2023\/01\/logo-caixabank-1.webp?x70140&amp;x62198&amp;x16528\" style=\"aspect-ratio: auto 195 \/ 120;\" data-width=\"150\" data-init-width=\"195\" data-init-height=\"120\" loading=\"lazy\" width=\"150\" height=\"120\"><\/span><\/p>\n<h2 style=\"text-align: center; color: rgb(75, 187, 231) !important; --tcb-applied-color: rgb(75, 187, 231)  !important;\">Client Banking<\/h2>\n<p style=\"text-align: center; color: var(--tcb-color-2)  !important; --tcb-applied-color:var$(--tcb-color-2)  !important;\">Para La Caixa, desarrollamos un simulador de ventas para capacitar a los directores de oficina en habilidades comerciales en el contexto de los productos financieros. Fue el precursor del simulador Client Banking.&nbsp;actual.<\/p>\n","protected":false},"excerpt":{"rendered":"<p>SIMULACIONES PRESENCIALES Nuestras simulaciones presenciales aportan la m\u00e1xima capacidad de relaci\u00f3n y toda la intensidad de las interacciones cara a [&hellip;]<\/p>\n","protected":false},"author":1,"featured_media":0,"parent":0,"menu_order":0,"comment_status":"closed","ping_status":"closed","template":"","meta":{"site-sidebar-layout":"no-sidebar","site-content-layout":"page-builder","ast-site-content-layout":"default","site-content-style":"default","site-sidebar-style":"default","ast-global-header-display":"","ast-banner-title-visibility":"","ast-main-header-display":"","ast-hfb-above-header-display":"","ast-hfb-below-header-display":"","ast-hfb-mobile-header-display":"","site-post-title":"disabled","ast-breadcrumbs-content":"","ast-featured-img":"","footer-sml-layout":"","ast-disable-related-posts":"","theme-transparent-header-meta":"default","adv-header-id-meta":"","stick-header-meta":"","header-above-stick-meta":"","header-main-stick-meta":"","header-below-stick-meta":"","astra-migrate-meta-layouts":"default","ast-page-background-enabled":"default","ast-page-background-meta":{"desktop":{"background-color":"var(--ast-global-color-4)","background-image":"","background-repeat":"repeat","background-position":"center center","background-size":"auto","background-attachment":"scroll","background-type":"","background-media":"","overlay-type":"","overlay-color":"","overlay-opacity":"","overlay-gradient":""},"tablet":{"background-color":"","background-image":"","background-repeat":"repeat","background-position":"center center","background-size":"auto","background-attachment":"scroll","background-type":"","background-media":"","overlay-type":"","overlay-color":"","overlay-opacity":"","overlay-gradient":""},"mobile":{"background-color":"","background-image":"","background-repeat":"repeat","background-position":"center center","background-size":"auto","background-attachment":"scroll","background-type":"","background-media":"","overlay-type":"","overlay-color":"","overlay-opacity":"","overlay-gradient":""}},"ast-content-background-meta":{"desktop":{"background-color":"var(--ast-global-color-5)","background-image":"","background-repeat":"repeat","background-position":"center center","background-size":"auto","background-attachment":"scroll","background-type":"","background-media":"","overlay-type":"","overlay-color":"","overlay-opacity":"","overlay-gradient":""},"tablet":{"background-color":"var(--ast-global-color-5)","background-image":"","background-repeat":"repeat","background-position":"center center","background-size":"auto","background-attachment":"scroll","background-type":"","background-media":"","overlay-type":"","overlay-color":"","overlay-opacity":"","overlay-gradient":""},"mobile":{"background-color":"var(--ast-global-color-5)","background-image":"","background-repeat":"repeat","background-position":"center center","background-size":"auto","background-attachment":"scroll","background-type":"","background-media":"","overlay-type":"","overlay-color":"","overlay-opacity":"","overlay-gradient":""}},"footnotes":""},"class_list":["post-6141","page","type-page","status-publish","hentry"],"_links":{"self":[{"href":"https:\/\/traininggames.com\/es\/wp-json\/wp\/v2\/pages\/6141","targetHints":{"allow":["GET"]}}],"collection":[{"href":"https:\/\/traininggames.com\/es\/wp-json\/wp\/v2\/pages"}],"about":[{"href":"https:\/\/traininggames.com\/es\/wp-json\/wp\/v2\/types\/page"}],"author":[{"embeddable":true,"href":"https:\/\/traininggames.com\/es\/wp-json\/wp\/v2\/users\/1"}],"replies":[{"embeddable":true,"href":"https:\/\/traininggames.com\/es\/wp-json\/wp\/v2\/comments?post=6141"}],"version-history":[{"count":0,"href":"https:\/\/traininggames.com\/es\/wp-json\/wp\/v2\/pages\/6141\/revisions"}],"wp:attachment":[{"href":"https:\/\/traininggames.com\/es\/wp-json\/wp\/v2\/media?parent=6141"}],"curies":[{"name":"wp","href":"https:\/\/api.w.org\/{rel}","templated":true}]}}