{"id":11369,"date":"2026-01-07T18:49:16","date_gmt":"2026-01-07T17:49:16","guid":{"rendered":"https:\/\/traininggames.com\/?page_id=11369"},"modified":"2026-04-01T11:39:57","modified_gmt":"2026-04-01T09:39:57","slug":"gracias-descarga","status":"publish","type":"page","link":"https:\/\/traininggames.com\/es\/gracias-descarga\/","title":{"rendered":"Gracias por tu descarga"},"content":{"rendered":"<h2 style=\"text-align: center;\">\u00a1Gracias por tu inter\u00e9s!<\/h2>\n<p style=\"text-align: center;\">Es un placer poner a tu disposici\u00f3n estos recursos, que te permitir\u00e1n explorar la metodolog\u00eda de simulaci\u00f3n y juegos serios con mayor profundidad.<\/p>\n<p style=\"text-align: center;\">Tu descarga est\u00e1 lista. Haz clic en el bot\u00f3n de abajo para obtener tu recurso.<\/p>\n<p style=\"text-align: center;\">\u00bfQuieres mantenerte al d\u00eda de nuestros productos y servicios?<\/p>\n<p style=\"text-align: center;\">\u00bfDeseas explorar c\u00f3mo implementar la gamificaci\u00f3n en tu organizaci\u00f3n?<\/p>\n","protected":false},"excerpt":{"rendered":"<p>\u00a1Gracias por tu inter\u00e9s! Es un placer poner a tu disposici\u00f3n estos recursos, que te permitir\u00e1n explorar la metodolog\u00eda de [&hellip;]<\/p>\n","protected":false},"author":1,"featured_media":0,"parent":0,"menu_order":0,"comment_status":"closed","ping_status":"closed","template":"","meta":{"site-sidebar-layout":"no-sidebar","site-content-layout":"","ast-site-content-layout":"full-width-container","site-content-style":"unboxed","site-sidebar-style":"unboxed","ast-global-header-display":"","ast-banner-title-visibility":"","ast-main-header-display":"","ast-hfb-above-header-display":"","ast-hfb-below-header-display":"","ast-hfb-mobile-header-display":"","site-post-title":"disabled","ast-breadcrumbs-content":"","ast-featured-img":"","footer-sml-layout":"","ast-disable-related-posts":"","theme-transparent-header-meta":"default","adv-header-id-meta":"","stick-header-meta":"","header-above-stick-meta":"","header-main-stick-meta":"","header-below-stick-meta":"","astra-migrate-meta-layouts":"set","ast-page-background-enabled":"default","ast-page-background-meta":{"desktop":{"background-color":"var(--ast-global-color-4)","background-image":"","background-repeat":"repeat","background-position":"center center","background-size":"auto","background-attachment":"scroll","background-type":"","background-media":"","overlay-type":"","overlay-color":"","overlay-opacity":"","overlay-gradient":""},"tablet":{"background-color":"","background-image":"","background-repeat":"repeat","background-position":"center center","background-size":"auto","background-attachment":"scroll","background-type":"","background-media":"","overlay-type":"","overlay-color":"","overlay-opacity":"","overlay-gradient":""},"mobile":{"background-color":"","background-image":"","background-repeat":"repeat","background-position":"center center","background-size":"auto","background-attachment":"scroll","background-type":"","background-media":"","overlay-type":"","overlay-color":"","overlay-opacity":"","overlay-gradient":""}},"ast-content-background-meta":{"desktop":{"background-color":"var(--ast-global-color-5)","background-image":"","background-repeat":"repeat","background-position":"center center","background-size":"auto","background-attachment":"scroll","background-type":"","background-media":"","overlay-type":"","overlay-color":"","overlay-opacity":"","overlay-gradient":""},"tablet":{"background-color":"var(--ast-global-color-5)","background-image":"","background-repeat":"repeat","background-position":"center center","background-size":"auto","background-attachment":"scroll","background-type":"","background-media":"","overlay-type":"","overlay-color":"","overlay-opacity":"","overlay-gradient":""},"mobile":{"background-color":"var(--ast-global-color-5)","background-image":"","background-repeat":"repeat","background-position":"center center","background-size":"auto","background-attachment":"scroll","background-type":"","background-media":"","overlay-type":"","overlay-color":"","overlay-opacity":"","overlay-gradient":""}},"footnotes":""},"class_list":["post-11369","page","type-page","status-publish","hentry"],"_links":{"self":[{"href":"https:\/\/traininggames.com\/es\/wp-json\/wp\/v2\/pages\/11369","targetHints":{"allow":["GET"]}}],"collection":[{"href":"https:\/\/traininggames.com\/es\/wp-json\/wp\/v2\/pages"}],"about":[{"href":"https:\/\/traininggames.com\/es\/wp-json\/wp\/v2\/types\/page"}],"author":[{"embeddable":true,"href":"https:\/\/traininggames.com\/es\/wp-json\/wp\/v2\/users\/1"}],"replies":[{"embeddable":true,"href":"https:\/\/traininggames.com\/es\/wp-json\/wp\/v2\/comments?post=11369"}],"version-history":[{"count":0,"href":"https:\/\/traininggames.com\/es\/wp-json\/wp\/v2\/pages\/11369\/revisions"}],"wp:attachment":[{"href":"https:\/\/traininggames.com\/es\/wp-json\/wp\/v2\/media?parent=11369"}],"curies":[{"name":"wp","href":"https:\/\/api.w.org\/{rel}","templated":true}]}}