{"id":10778,"date":"2025-05-29T12:33:18","date_gmt":"2025-05-29T10:33:18","guid":{"rendered":"https:\/\/traininggames.com\/?page_id=10778"},"modified":"2026-04-15T12:38:20","modified_gmt":"2026-04-15T10:38:20","slug":"modelo-cooplexity","status":"publish","type":"page","link":"https:\/\/traininggames.com\/es\/modelo-cooplexity\/","title":{"rendered":"Modelo cooplexity"},"content":{"rendered":"<h1 style=\"\"><strong>Liderar para<\/strong><br \/><strong>que otros lideren.<\/strong><\/h1>\n<p style=\"\">Liderazgo participativo para impulsar equipos y gamificaci\u00f3n para llegar a las emociones. La combinaci\u00f3n \u00f3ptima para superar los retos m\u00e1s dif\u00edciles (14 empresas del IBEX-35 ya lo conocen).<\/p>\n<p>Liderazgo Paricipativo<\/p>\n<p style=\"text-align: center;\">  <a title=\"Clica en m\u00ed\" href=\"https:\/\/traininggames.com\/wp-content\/uploads\/2025\/02\/Einstein-LP-SP-Opt.mp4\"><br \/>    <img loading=\"lazy\" decoding=\"async\" src=\"data:image\/svg+xml,%3Csvg%20xmlns='http:\/\/www.w3.org\/2000\/svg'%20viewBox='0%200%20200%20200'%3E%3C\/svg%3E\" data-src=\"https:\/\/traininggames.com\/wp-content\/uploads\/2024\/11\/einstein-SP.webp?x73285&#038;x84655&#038;x26005&#038;x26005&#038;x82926&#038;x12928&#038;x79302&#038;x79302&#038;x79302&#038;x79302&#038;x79302&#038;x90484&#038;x82180&#038;x82180&#038;x19620&#038;x64151&#038;x64151&#038;x64151&#038;x66040&#038;x66040&#038;x72137&#038;x57305&#038;x76940&#038;x73287&#038;x46293&#038;x61586&#038;x69655&#038;x69655&#038;x69655&#038;x69655&#038;x34438&#038;x92203&#038;x29644&#038;x23539&#038;x23539\" alt=\"\" width=\"200\" height=\"200\"><br \/>  <\/a><\/p>\n<h1 style=\"text-align: center;\"><strong>\u200bLiderar para<br \/>que otros lideren.<\/strong><\/h1>\n<p style=\"text-align: center;\">\u200bLiderazgo participativo para impulsar equipos y gamificaci\u00f3n para llegar a las emociones. La combinaci\u00f3n \u00f3ptima para superar los retos m\u00e1s dif\u00edciles (14 empresas del IBEX-35 ya lo conocen).<\/p>\n<h1 style=\"text-align: left; color: var(--tcb-color-0) !important; --tcb-applied-color: var$(--tcb-color-0) !important;\"><strong>Liderazgo Participativo<\/strong><\/h1>\n<p style=\"text-align: left;\">El liderazgo participativo (distribuido) es un conjunto de iniciativas colectivas espont\u00e1neas e interconectadas. Distribuye la funci\u00f3n de liderazgo por toda la organizaci\u00f3n, convirti\u00e9ndose en un motor de cambio. Est\u00e1 relacionado con el talento, la eficacia del equipo y la autocoordinaci\u00f3n y se aplica al mundo \u00e1gil, las organizaciones l\u00edquidas y el liderazgo compartido.<\/p>\n<h1 style=\"text-align: center; color: var(--tcb-color-4)  !important; --tcb-applied-color: var$(--tcb-color-4)  !important;\"><strong>Necesitamos el esfuerzo de todos<\/strong><\/h1>\n<p style=\"text-align: center;\">Las corporaciones son cada vez m\u00e1s complejas y su gesti\u00f3n es compartida o muy dif\u00edcil que funcione. Sin embargo, transformar la cultura de toda la empresa no es f\u00e1cil. Requiere una visi\u00f3n compartida y consistencia.<\/p>\n<p style=\"text-align: center;\"><span><span>Proponemos programas para toda la compa\u00f1\u00eda, con acciones bottom-up o top-down, presenciales o en remoto, para equipos naturales o transversales, y siempre con el liderazgo participativo como objetivo.<\/span><\/span><\/p>\n<h1 style=\"text-align: left;\"><strong>Y una actitud de aprendizaje continuo<br \/><\/strong><\/h1>\n<p style=\"color: var(--tcb-color-0) !important; --tcb-applied-color: var$(--tcb-color-0) !important;\"><strong>\u00abEl saber ocupa el lugar del nuevo conocimiento que est\u00e1 por llegar\u00bb.<br \/><\/strong><\/p>\n<p style=\"color: var(--tcb-color-0) !important; --tcb-applied-color: var$(--tcb-color-0) !important;\">El cambio no es nuevo, la novedad est\u00e1 en la cantidad, la velocidad y el impacto de los cambios. Para adaptarse hay que pensar de manera sist\u00e9mica, entender la complejidad y construir soluciones con los dem\u00e1s, implicarnos y trabajar en equipo, y sin duda renunciar a la comodidad de aquello que funcion\u00f3 en el pasado pero quiz\u00e1s no lo haga en el futuro.<\/p>\n<h1 style=\"text-align: left;\"><strong>C\u00f3mo lo hacemos<\/strong><\/h1>\n<p style=\"color: var(--tcb-color-0) !important; --tcb-applied-color: var$(--tcb-color-0) !important;\"><strong><span style=\"font-style: normal;\">Con resultados: +85% mejora en cohesi\u00f3n, 40% reducci\u00f3n en tiempo de decisi\u00f3n, NPS 9,1\/10 en satisfacci\u00f3n de equipos.<\/span><\/strong><\/p>\n<ol>\n<li style=\"color: var(--tcb-color-0) !important; --tcb-applied-color: var$(--tcb-color-0) !important;\">Diagn\u00f3stico Cooplexity\u00ae<br \/>Analizamos la madurez colaborativa y las brechas en liderazgo distribuido.<\/li>\n<li style=\"color: var(--tcb-color-0) !important; --tcb-applied-color: var$(--tcb-color-0) !important;\">Simulaci\u00f3n Experiencial<br \/>Vivencia presencial, h\u00edbrida o remota, retos y decisiones reales en equipo.<\/li>\n<li style=\"color: var(--tcb-color-0) !important; --tcb-applied-color: var$(--tcb-color-0) !important;\">Transferencia y Seguimiento<br \/>Talleres pr\u00e1cticos y mentor\u00eda ejecutiva para consolidar el cambio.<\/li>\n<li style=\"color: var(--tcb-color-0) !important; --tcb-applied-color: var$(--tcb-color-0) !important;\">M\u00e9tricas de Impacto<br \/>Seguimiento en tiempo real de KPIs clave para tu organizaci\u00f3n.<\/li>\n<\/ol>\n<h1 style=\"text-align: center; color: var(--tcb-color-0) !important; --tcb-applied-color: var$(--tcb-color-0) !important;\"><strong>El desaf\u00edo de las&nbsp;<\/strong><strong>organizaciones modernas<\/strong><\/h1>\n<p style=\"text-align: center;\"><span style=\"\"><span style=\"\">\u00bfTe enfrentas a equipos poco implicados, desalineaci\u00f3n estrat\u00e9gica, aversi\u00f3n al riesgo, comunicaci\u00f3n fragmentada, escasa cooperaci\u00f3n entre departamentos o p\u00e9rdida de sinergias?<br \/><\/span><\/span><\/p>\n<h1 style=\"text-align: left;\"><strong>Nuestra Soluci\u00f3n: Modelo Cooplexity\u00ae<\/strong><\/h1>\n<p style=\"text-align: left;\">Ciencia + Emoci\u00f3n + Experiencia = Transformaci\u00f3n Real<\/p>\n<p style=\"color: var(--tcb-color-0) !important; --tcb-applied-color: var$(--tcb-color-0) !important;\">Simulaciones l\u00fadico-estrat\u00e9gicas para experimentar el liderazgo distribuido y la toma de decisiones bajo presi\u00f3n. Una metodolog\u00eda validada cient\u00edficamente tras 25 a\u00f1os de investigaci\u00f3n, +500 equipos, 12 sectores.<\/p>\n<p style=\"\"><\/p>\n<p style=\"\"><\/p>\n<p style=\"\"><\/p>\n<p style=\"text-align: center;\"><span style=\"font-family: Raleway; font-weight: 400; --tcb-applied-color:var$(--tcb-color-7)  !important;\">Documentos relativos al modelo Cooplexity\u00ae<\/span><\/p>\n<h2 style=\"text-align: center;\"><span style=\"\">Si prefieres visitar la Web del <\/span><a href=\"https:\/\/ricardozamora.com\/es\/\" target=\"_blank\" style=\"outline: none;\"><strong><span style=\"text-decoration: underline;\">autor<\/span><\/strong><\/a><span style=\"\">, all\u00ed encontrar\u00e1s m\u00e1s recursos referidos al modelo Cooplexity\u00ae y tendr\u00e1s la opci\u00f3n de registrarte en su newsletter.<\/span><\/h2>\n<p>Recommended<span style=\"\"><img decoding=\"async\" alt=\"P\u00f3ster del modelo Cooplexity\" data-id=\"8974\" data-init-width=\"400\" data-init-height=\"283\" title=\"participative-leadership-poster-modelo-1\" src=\"https:\/\/traininggames.com\/wp-content\/uploads\/2024\/05\/participative-leadership-poster-modelo-1.webp?x73285&amp;x84655&amp;x26005&amp;x26005&amp;x82926&amp;x12928&amp;x79302&amp;x79302&amp;x79302&amp;x79302&amp;x79302&amp;x90484\" data-src=\"https:\/\/traininggames.com\/wp-content\/uploads\/2024\/05\/participative-leadership-poster-modelo-1.webp?x73285&amp;x84655&amp;x26005&amp;x26005&amp;x82926&amp;x12928&amp;x79302&amp;x79302&amp;x79302&amp;x79302&amp;x79302&amp;x90484\" data-width=\"400\" style=\"aspect-ratio: auto 400 \/ 283;\" mt-d=\"-64\" center-v-d=\"false\" mt-t=\"0\" mt-m=\"0\" data-link-wrap=\"1\" width=\"400\" height=\"283\" data-height=\"283\" loading=\"lazy\" data-ll-status=\"loaded\"><span style=\"\"><\/span><\/span><\/p>\n<h2 style=\"color: rgb(231, 237, 243) !important; --tcb-applied-color: rgb(231, 237, 243)       !important; font-size: 20px !important;\">P\u00f3ster del modelo de desarrollo de confianza<\/h2>\n<p style=\"font-size: 16px !important;\">Este p\u00f3ster de tama\u00f1o A3 resume el modelo Cooplexity de desarrollo de confianza. En \u00e9l encontrar\u00e1s el mapa con los seis pasos de desarrollo, los tres niveles de trabajo y la hoja de ruta para lograr la autocoordinaci\u00f3n.<\/p>\n<p><span><img decoding=\"async\" alt=\"Libro cooperaci\u00f3n en complejidad\" data-id=\"6292\" data-init-width=\"560\" data-init-height=\"373\" title=\"featured-cooperacion-en-complejidad\" src=\"https:\/\/traininggames.com\/wp-content\/uploads\/2023\/01\/featured-cooperacion-en-complejidad.webp?x73285&amp;x84655&amp;x26005&amp;x26005&amp;x82926&amp;x12928&amp;x79302&amp;x79302&amp;x79302&amp;x79302\" data-src=\"https:\/\/traininggames.com\/wp-content\/uploads\/2023\/01\/featured-cooperacion-en-complejidad.webp?x73285&amp;x84655&amp;x26005&amp;x26005&amp;x82926&amp;x12928&amp;x79302&amp;x79302&amp;x79302&amp;x79302\" data-width=\"399\" style=\"aspect-ratio: auto 560 \/ 373;\" data-link-wrap=\"1\" width=\"399\" height=\"266\" data-height=\"266\" loading=\"lazy\" data-ll-status=\"loaded\"><\/span><\/p>\n<h2 style=\"color: rgb(231, 237, 243) !important; --tcb-applied-color: rgb(231, 237, 243)       !important; font-size: 20px !important;\">Libro sobre cooperaci\u00f3n en la complejidad<\/h2>\n<p style=\"\"><span style=\"font-size: 16px !important;\">En este libro encontrar\u00e1s las pautas clave para desarrollar la confianza de modo que aparezcan comportamientos colaborativos en las organizaciones.<br \/>Cooplexity es un modelo de colaboraci\u00f3n en complejidad para la gesti\u00f3n en tiempos de incertidumbre y cambio.<\/span><\/p>\n<p><span><img decoding=\"async\" alt=\"Libro Trabajo en equipo\" data-id=\"6323\" data-init-width=\"560\" data-init-height=\"373\" title=\"featured-trabajo-en-equipo\" src=\"https:\/\/traininggames.com\/wp-content\/uploads\/2023\/01\/featured-trabajo-en-equipo.webp?x73285&amp;x84655&amp;x26005&amp;x26005&amp;x82926&amp;x12928&amp;x79302&amp;x79302&amp;x79302&amp;x79302\" data-src=\"https:\/\/traininggames.com\/wp-content\/uploads\/2023\/01\/featured-trabajo-en-equipo.webp?x73285&amp;x84655&amp;x26005&amp;x26005&amp;x82926&amp;x12928&amp;x79302&amp;x79302&amp;x79302&amp;x79302\" data-width=\"399\" style=\"aspect-ratio: auto 560 \/ 373;\" data-link-wrap=\"1\" loading=\"lazy\" width=\"399\" height=\"266\" data-height=\"266\" data-ll-status=\"loaded\"><\/span><\/p>\n<h2 style=\"color: rgb(231, 237, 243) !important; --tcb-applied-color: rgb(231, 237, 243)       !important; font-size: 20px !important;\">Resumen del modelo Cooplexity<\/h2>\n<p style=\"\"><span style=\"font-size: 16px !important;\">Este libro es una versi\u00f3n resumida del modelo Cooplexity. Pone el foco en el desarrollo de equipos colaborativos para la mejora del rendimiento y el aprovechamiento de sinergias.<\/span><\/p>\n<h1 style=\"text-align: center; color: var(--tcb-color-4)  !important; --tcb-applied-color: var$(--tcb-color-4)  !important;\"><strong>Business Cases<\/strong><\/h1>\n<p style=\"text-align: center;\"><span style=\"\">14 empresas del IBEX-35 ya lo han probado.&nbsp;<\/span><\/p>\n<p><span style=\"\"><img decoding=\"async\" alt=\"\" data-id=\"9090\" width=\"150\" data-init-width=\"150\" height=\"120\" data-init-height=\"120\" title=\"Logo-Holcim-W-150x120\" src=\"https:\/\/traininggames.com\/wp-content\/uploads\/2024\/05\/Logo-Holcim-W-150x120-1.webp?x73285&amp;x84655&amp;x26005&amp;x26005&amp;x82926&amp;x12928&amp;x79302&amp;x79302&amp;x79302&amp;x79302&amp;x79302&amp;x90484&amp;x82180&amp;x82180&amp;x19620&amp;x64151&amp;x64151&amp;x64151&amp;x66040&amp;x66040&amp;x72137&amp;x57305&amp;x76940&amp;x73287&amp;x46293&amp;x61586&amp;x69655&amp;x69655&amp;x69655&amp;x69655&amp;x34438&amp;x92203&amp;x29644&amp;x23539&amp;x23539&amp;x46349&amp;x46349&amp;x96029&amp;x96029&amp;x96029&amp;x96029&amp;x96029&amp;x96029&amp;x96029&amp;x96029&amp;x96029&amp;x54025&amp;x40502&amp;x43695&amp;x36654&amp;x36654&amp;x36654&amp;x36654&amp;x15199&amp;x18981&amp;x90202&amp;x57595&amp;x60954&amp;x60954&amp;x60954&amp;x60954&amp;x89549&amp;x39811&amp;x39811&amp;x39811&amp;x39811&amp;x39811&amp;x39811&amp;x39811&amp;x39811&amp;x39811&amp;x39811&amp;x39811&amp;x39811&amp;x39811&amp;x27041&amp;x33899&amp;x33899&amp;x85090&amp;x85090&amp;x69053&amp;x69053&amp;x69053&amp;x69053&amp;x69053&amp;x69053&amp;x69053&amp;x69053&amp;x69053&amp;x69053&amp;x84044&amp;x22230&amp;x22230&amp;x54887&amp;x54887&amp;x54887&amp;x54887&amp;x54887&amp;x54887&amp;x54887&amp;x54887&amp;x54887&amp;x54887&amp;x54887&amp;x62198&amp;x32134&amp;x32134&amp;x32134&amp;x62198&amp;x62198&amp;x62198&amp;x62198\" data-src=\"https:\/\/traininggames.com\/wp-content\/uploads\/2024\/05\/Logo-Holcim-W-150x120-1.webp?x73285&amp;x84655&amp;x26005&amp;x26005&amp;x82926&amp;x12928&amp;x79302&amp;x79302&amp;x79302&amp;x79302&amp;x79302&amp;x90484&amp;x82180&amp;x82180&amp;x19620&amp;x64151&amp;x64151&amp;x64151&amp;x66040&amp;x66040&amp;x72137&amp;x57305&amp;x76940&amp;x73287&amp;x46293&amp;x61586&amp;x69655&amp;x69655&amp;x69655&amp;x69655&amp;x34438&amp;x92203&amp;x29644&amp;x23539&amp;x23539&amp;x46349&amp;x46349&amp;x96029&amp;x96029&amp;x96029&amp;x96029&amp;x96029&amp;x96029&amp;x96029&amp;x96029&amp;x96029&amp;x54025&amp;x40502&amp;x43695&amp;x36654&amp;x36654&amp;x36654&amp;x36654&amp;x15199&amp;x18981&amp;x90202&amp;x57595&amp;x60954&amp;x60954&amp;x60954&amp;x60954&amp;x89549&amp;x39811&amp;x39811&amp;x39811&amp;x39811&amp;x39811&amp;x39811&amp;x39811&amp;x39811&amp;x39811&amp;x39811&amp;x39811&amp;x39811&amp;x39811&amp;x27041&amp;x33899&amp;x33899&amp;x85090&amp;x85090&amp;x69053&amp;x69053&amp;x69053&amp;x69053&amp;x69053&amp;x69053&amp;x69053&amp;x69053&amp;x69053&amp;x69053&amp;x84044&amp;x22230&amp;x22230&amp;x54887&amp;x54887&amp;x54887&amp;x54887&amp;x54887&amp;x54887&amp;x54887&amp;x54887&amp;x54887&amp;x54887&amp;x54887&amp;x62198&amp;x32134&amp;x32134&amp;x32134&amp;x62198&amp;x62198&amp;x62198&amp;x62198\" data-width=\"150\" data-height=\"120\" style=\"aspect-ratio: auto 150 \/ 120;\" loading=\"lazy\" mt-d=\"-1.7990000000000013\" ml-d=\"0\" data-ll-status=\"loaded\"><\/span><\/p>\n<p style=\"\"><strong>Bottom-up<\/strong><\/p>\n<p style=\"color: var(--tcb-color-2) !important; --tcb-applied-color: var$(--tcb-color-2) !important;\"><strong>Liderazgo<\/strong><\/p>\n<p style=\"color: var(--tcb-color-2) !important; --tcb-applied-color: var$(--tcb-color-2) !important;\">Programa de desarrollo del liderazgo de los colectivos clave en f\u00e1brica. Poniendo el foco en el reconocimiento y la motivaci\u00f3n, ganamos compromiso y proactividad. El entregable es un conjunto de proyectos con impacto directo en resultados.<\/p>\n<p><span style=\"\"><img decoding=\"async\" alt=\"\" data-id=\"9094\" width=\"150\" data-init-width=\"150\" height=\"120\" data-init-height=\"120\" title=\"Logo-Abertis-W-150x120\" src=\"https:\/\/traininggames.com\/wp-content\/uploads\/2024\/05\/Logo-Abertis-W-150x120-2.webp?x73285&amp;x84655&amp;x26005&amp;x26005&amp;x82926&amp;x12928&amp;x79302&amp;x79302&amp;x79302&amp;x79302&amp;x79302&amp;x90484&amp;x82180&amp;x82180&amp;x19620&amp;x64151&amp;x64151&amp;x64151&amp;x66040&amp;x66040&amp;x72137&amp;x57305&amp;x76940&amp;x73287&amp;x46293&amp;x61586&amp;x69655&amp;x69655&amp;x69655&amp;x69655&amp;x34438&amp;x92203&amp;x29644&amp;x23539&amp;x23539&amp;x46349&amp;x46349&amp;x96029&amp;x96029&amp;x96029&amp;x96029&amp;x96029&amp;x96029&amp;x96029&amp;x96029&amp;x96029&amp;x54025&amp;x40502&amp;x43695&amp;x36654&amp;x36654&amp;x36654&amp;x36654&amp;x15199&amp;x18981&amp;x90202&amp;x57595&amp;x60954&amp;x60954&amp;x60954&amp;x60954&amp;x89549&amp;x39811&amp;x39811&amp;x39811&amp;x39811&amp;x39811&amp;x39811&amp;x39811&amp;x39811&amp;x39811&amp;x39811&amp;x39811&amp;x39811&amp;x39811&amp;x27041&amp;x33899&amp;x33899&amp;x85090&amp;x85090&amp;x69053&amp;x69053&amp;x69053&amp;x69053&amp;x69053&amp;x69053&amp;x69053&amp;x69053&amp;x69053&amp;x69053&amp;x84044&amp;x22230&amp;x22230&amp;x54887&amp;x54887&amp;x54887&amp;x54887&amp;x54887&amp;x54887&amp;x54887&amp;x54887&amp;x54887&amp;x54887&amp;x54887&amp;x62198&amp;x32134&amp;x32134&amp;x32134&amp;x62198&amp;x62198&amp;x62198&amp;x62198\" data-src=\"https:\/\/traininggames.com\/wp-content\/uploads\/2024\/05\/Logo-Abertis-W-150x120-2.webp?x73285&amp;x84655&amp;x26005&amp;x26005&amp;x82926&amp;x12928&amp;x79302&amp;x79302&amp;x79302&amp;x79302&amp;x79302&amp;x90484&amp;x82180&amp;x82180&amp;x19620&amp;x64151&amp;x64151&amp;x64151&amp;x66040&amp;x66040&amp;x72137&amp;x57305&amp;x76940&amp;x73287&amp;x46293&amp;x61586&amp;x69655&amp;x69655&amp;x69655&amp;x69655&amp;x34438&amp;x92203&amp;x29644&amp;x23539&amp;x23539&amp;x46349&amp;x46349&amp;x96029&amp;x96029&amp;x96029&amp;x96029&amp;x96029&amp;x96029&amp;x96029&amp;x96029&amp;x96029&amp;x54025&amp;x40502&amp;x43695&amp;x36654&amp;x36654&amp;x36654&amp;x36654&amp;x15199&amp;x18981&amp;x90202&amp;x57595&amp;x60954&amp;x60954&amp;x60954&amp;x60954&amp;x89549&amp;x39811&amp;x39811&amp;x39811&amp;x39811&amp;x39811&amp;x39811&amp;x39811&amp;x39811&amp;x39811&amp;x39811&amp;x39811&amp;x39811&amp;x39811&amp;x27041&amp;x33899&amp;x33899&amp;x85090&amp;x85090&amp;x69053&amp;x69053&amp;x69053&amp;x69053&amp;x69053&amp;x69053&amp;x69053&amp;x69053&amp;x69053&amp;x69053&amp;x84044&amp;x22230&amp;x22230&amp;x54887&amp;x54887&amp;x54887&amp;x54887&amp;x54887&amp;x54887&amp;x54887&amp;x54887&amp;x54887&amp;x54887&amp;x54887&amp;x62198&amp;x32134&amp;x32134&amp;x32134&amp;x62198&amp;x62198&amp;x62198&amp;x62198\" data-width=\"150\" data-height=\"120\" style=\"aspect-ratio: auto 150 \/ 120;\" loading=\"lazy\" mt-d=\"-1.7990000000000013\" ml-d=\"0\" data-ll-status=\"loaded\"><\/span><\/p>\n<p style=\"\"><strong>Top-down<\/strong><\/p>\n<p style=\"color: var(--tcb-color-2) !important; --tcb-applied-color: var$(--tcb-color-2) !important;\"><strong>Transformaci\u00f3n<\/strong><\/p>\n<p style=\"color: var(--tcb-color-2) !important; --tcb-applied-color: var$(--tcb-color-2) !important;\">Una reuni\u00f3n global internacional de 140 ejecutivos analiza en profundidad ocho \u00e1reas estrat\u00e9gicas de transformaci\u00f3n, desde la innovaci\u00f3n y las nuevas \u00e1reas de negocio hasta la estrategia de fusiones y adquisiciones y la gesti\u00f3n del talento y el conocimiento.<\/p>\n<p><span style=\"\"><img decoding=\"async\" alt=\"\" data-id=\"9040\" width=\"150\" data-init-width=\"150\" height=\"120\" data-init-height=\"120\" title=\"Logo-Puig-W-150x120\" src=\"https:\/\/traininggames.com\/wp-content\/uploads\/2024\/05\/Logo-Puig-W-150x120-1.webp?x73285&amp;x84655&amp;x26005&amp;x26005&amp;x82926&amp;x12928&amp;x79302&amp;x79302&amp;x79302&amp;x79302&amp;x79302&amp;x90484&amp;x82180&amp;x82180&amp;x19620&amp;x64151&amp;x64151&amp;x64151&amp;x66040&amp;x66040&amp;x72137&amp;x57305&amp;x76940&amp;x73287&amp;x46293&amp;x61586&amp;x69655&amp;x69655&amp;x69655&amp;x69655&amp;x34438&amp;x92203&amp;x29644&amp;x23539&amp;x23539&amp;x46349&amp;x46349&amp;x96029&amp;x96029&amp;x96029&amp;x96029&amp;x96029&amp;x96029&amp;x96029&amp;x96029&amp;x96029&amp;x54025&amp;x40502&amp;x43695&amp;x36654&amp;x36654&amp;x36654&amp;x36654&amp;x15199&amp;x18981&amp;x90202&amp;x57595&amp;x60954&amp;x60954&amp;x60954&amp;x60954&amp;x89549&amp;x39811&amp;x39811&amp;x39811&amp;x39811&amp;x39811&amp;x39811&amp;x39811&amp;x39811&amp;x39811&amp;x39811&amp;x39811&amp;x39811&amp;x39811&amp;x27041&amp;x33899&amp;x33899&amp;x85090&amp;x85090&amp;x69053&amp;x69053&amp;x69053&amp;x69053&amp;x69053&amp;x69053&amp;x69053&amp;x69053&amp;x69053&amp;x69053&amp;x84044&amp;x22230&amp;x22230&amp;x54887&amp;x54887&amp;x54887&amp;x54887&amp;x54887&amp;x54887&amp;x54887&amp;x54887&amp;x54887&amp;x54887&amp;x54887&amp;x62198&amp;x32134&amp;x32134&amp;x32134&amp;x62198&amp;x62198&amp;x62198&amp;x62198\" data-src=\"https:\/\/traininggames.com\/wp-content\/uploads\/2024\/05\/Logo-Puig-W-150x120-1.webp?x73285&amp;x84655&amp;x26005&amp;x26005&amp;x82926&amp;x12928&amp;x79302&amp;x79302&amp;x79302&amp;x79302&amp;x79302&amp;x90484&amp;x82180&amp;x82180&amp;x19620&amp;x64151&amp;x64151&amp;x64151&amp;x66040&amp;x66040&amp;x72137&amp;x57305&amp;x76940&amp;x73287&amp;x46293&amp;x61586&amp;x69655&amp;x69655&amp;x69655&amp;x69655&amp;x34438&amp;x92203&amp;x29644&amp;x23539&amp;x23539&amp;x46349&amp;x46349&amp;x96029&amp;x96029&amp;x96029&amp;x96029&amp;x96029&amp;x96029&amp;x96029&amp;x96029&amp;x96029&amp;x54025&amp;x40502&amp;x43695&amp;x36654&amp;x36654&amp;x36654&amp;x36654&amp;x15199&amp;x18981&amp;x90202&amp;x57595&amp;x60954&amp;x60954&amp;x60954&amp;x60954&amp;x89549&amp;x39811&amp;x39811&amp;x39811&amp;x39811&amp;x39811&amp;x39811&amp;x39811&amp;x39811&amp;x39811&amp;x39811&amp;x39811&amp;x39811&amp;x39811&amp;x27041&amp;x33899&amp;x33899&amp;x85090&amp;x85090&amp;x69053&amp;x69053&amp;x69053&amp;x69053&amp;x69053&amp;x69053&amp;x69053&amp;x69053&amp;x69053&amp;x69053&amp;x84044&amp;x22230&amp;x22230&amp;x54887&amp;x54887&amp;x54887&amp;x54887&amp;x54887&amp;x54887&amp;x54887&amp;x54887&amp;x54887&amp;x54887&amp;x54887&amp;x62198&amp;x32134&amp;x32134&amp;x32134&amp;x62198&amp;x62198&amp;x62198&amp;x62198\" data-width=\"150\" data-height=\"120\" style=\"aspect-ratio: auto 150 \/ 120;\" loading=\"lazy\" mt-d=\"-1.7990000000000013\" ml-d=\"0\" data-ll-status=\"loaded\"><\/span><\/p>\n<p style=\"\"><strong>Cultura<\/strong><\/p>\n<p style=\"\"><strong>Valores<\/strong><\/p>\n<p style=\"color: var(--tcb-color-2) !important; --tcb-applied-color: var$(--tcb-color-2) !important;\">Un programa para transmitir los valores de la compa\u00f1\u00eda y potenciar la cultura de intercambio y colaboraci\u00f3n. De manera remota se facilita la interacci\u00f3n del talento desde China hasta Chile con el foco puesto en gestionar la incertidumbre.<\/p>\n","protected":false},"excerpt":{"rendered":"<p>Liderar paraque otros lideren. Liderazgo participativo para impulsar equipos y gamificaci\u00f3n para llegar a las emociones. La combinaci\u00f3n \u00f3ptima para [&hellip;]<\/p>\n","protected":false},"author":1,"featured_media":0,"parent":0,"menu_order":0,"comment_status":"closed","ping_status":"closed","template":"","meta":{"site-sidebar-layout":"no-sidebar","site-content-layout":"","ast-site-content-layout":"full-width-container","site-content-style":"unboxed","site-sidebar-style":"unboxed","ast-global-header-display":"","ast-banner-title-visibility":"","ast-main-header-display":"","ast-hfb-above-header-display":"","ast-hfb-below-header-display":"","ast-hfb-mobile-header-display":"","site-post-title":"disabled","ast-breadcrumbs-content":"","ast-featured-img":"","footer-sml-layout":"","ast-disable-related-posts":"","theme-transparent-header-meta":"default","adv-header-id-meta":"","stick-header-meta":"","header-above-stick-meta":"","header-main-stick-meta":"","header-below-stick-meta":"","astra-migrate-meta-layouts":"set","ast-page-background-enabled":"default","ast-page-background-meta":{"desktop":{"background-color":"var(--ast-global-color-4)","background-image":"","background-repeat":"repeat","background-position":"center center","background-size":"auto","background-attachment":"scroll","background-type":"","background-media":"","overlay-type":"","overlay-color":"","overlay-opacity":"","overlay-gradient":""},"tablet":{"background-color":"","background-image":"","background-repeat":"repeat","background-position":"center center","background-size":"auto","background-attachment":"scroll","background-type":"","background-media":"","overlay-type":"","overlay-color":"","overlay-opacity":"","overlay-gradient":""},"mobile":{"background-color":"","background-image":"","background-repeat":"repeat","background-position":"center center","background-size":"auto","background-attachment":"scroll","background-type":"","background-media":"","overlay-type":"","overlay-color":"","overlay-opacity":"","overlay-gradient":""}},"ast-content-background-meta":{"desktop":{"background-color":"var(--ast-global-color-5)","background-image":"","background-repeat":"repeat","background-position":"center center","background-size":"auto","background-attachment":"scroll","background-type":"","background-media":"","overlay-type":"","overlay-color":"","overlay-opacity":"","overlay-gradient":""},"tablet":{"background-color":"var(--ast-global-color-5)","background-image":"","background-repeat":"repeat","background-position":"center center","background-size":"auto","background-attachment":"scroll","background-type":"","background-media":"","overlay-type":"","overlay-color":"","overlay-opacity":"","overlay-gradient":""},"mobile":{"background-color":"var(--ast-global-color-5)","background-image":"","background-repeat":"repeat","background-position":"center center","background-size":"auto","background-attachment":"scroll","background-type":"","background-media":"","overlay-type":"","overlay-color":"","overlay-opacity":"","overlay-gradient":""}},"footnotes":""},"class_list":["post-10778","page","type-page","status-publish","hentry"],"_links":{"self":[{"href":"https:\/\/traininggames.com\/es\/wp-json\/wp\/v2\/pages\/10778","targetHints":{"allow":["GET"]}}],"collection":[{"href":"https:\/\/traininggames.com\/es\/wp-json\/wp\/v2\/pages"}],"about":[{"href":"https:\/\/traininggames.com\/es\/wp-json\/wp\/v2\/types\/page"}],"author":[{"embeddable":true,"href":"https:\/\/traininggames.com\/es\/wp-json\/wp\/v2\/users\/1"}],"replies":[{"embeddable":true,"href":"https:\/\/traininggames.com\/es\/wp-json\/wp\/v2\/comments?post=10778"}],"version-history":[{"count":1,"href":"https:\/\/traininggames.com\/es\/wp-json\/wp\/v2\/pages\/10778\/revisions"}],"predecessor-version":[{"id":11867,"href":"https:\/\/traininggames.com\/es\/wp-json\/wp\/v2\/pages\/10778\/revisions\/11867"}],"wp:attachment":[{"href":"https:\/\/traininggames.com\/es\/wp-json\/wp\/v2\/media?parent=10778"}],"curies":[{"name":"wp","href":"https:\/\/api.w.org\/{rel}","templated":true}]}}